{"id":80605,"date":"2024-07-03T22:03:36","date_gmt":"2024-07-03T22:03:36","guid":{"rendered":"https:\/\/monro.rs\/?post_type=product&#038;p=80605"},"modified":"2025-12-01T10:38:10","modified_gmt":"2025-12-01T10:38:10","slug":"lancic-za-naocare-42","status":"publish","type":"product","link":"https:\/\/monro.rs\/en\/proizvod\/lancic-za-naocare-42\/","title":{"rendered":"Lan\u010di\u0107 za nao\u010dare 42"},"content":{"rendered":"","protected":false},"excerpt":{"rendered":"<ul>\n<li><strong>Artikal:<\/strong> Lan\u010di\u0107 za nao\u010dare<\/li>\n<li><strong>Zemlja porekla:<\/strong>\u00a0Kina<\/li>\n<li><strong>Uvoznik:<\/strong>\u00a0Monro trade doo<\/li>\n<li><strong>Sastav:<\/strong> Legura cinka<\/li>\n<\/ul>","protected":false},"featured_media":80565,"template":"","meta":{"content-type":"","_monsterinsights_skip_tracking":false,"_monsterinsights_sitenote_active":false,"_monsterinsights_sitenote_note":"","_monsterinsights_sitenote_category":0},"product_cat":[95,36],"product_tag":[],"yoast_head":"<!-- This site is optimized with the Yoast SEO plugin v22.6 - https:\/\/yoast.com\/wordpress\/plugins\/seo\/ -->\n<title>Lan\u010di\u0107 za nao\u010dare 42 - Monro<\/title>\n<meta name=\"robots\" content=\"index, follow, max-snippet:-1, max-image-preview:large, max-video-preview:-1\" \/>\n<link rel=\"canonical\" href=\"https:\/\/monro.rs\/en\/proizvod\/lancic-za-naocare-42\/\" \/>\n<meta property=\"og:locale\" content=\"en_GB\" \/>\n<meta property=\"og:type\" content=\"article\" \/>\n<meta property=\"og:title\" content=\"Lan\u010di\u0107 za nao\u010dare 42 - Monro\" \/>\n<meta property=\"og:description\" content=\"Artikal: Lan\u010di\u0107 za nao\u010dare  Zemlja porekla:\u00a0Kina  Uvoznik:\u00a0Monro trade doo  Sastav: Legura cinka\" \/>\n<meta property=\"og:url\" content=\"https:\/\/monro.rs\/en\/proizvod\/lancic-za-naocare-42\/\" \/>\n<meta property=\"og:site_name\" content=\"Monro\" \/>\n<meta property=\"article:publisher\" content=\"https:\/\/m.facebook.com\/monromonro.rs\/\" \/>\n<meta property=\"article:modified_time\" content=\"2025-12-01T10:38:10+00:00\" \/>\n<meta property=\"og:image\" content=\"https:\/\/monro.rs\/wp-content\/uploads\/2024\/07\/img_1586.jpeg\" \/>\n\t<meta property=\"og:image:width\" content=\"1440\" \/>\n\t<meta property=\"og:image:height\" content=\"1920\" \/>\n\t<meta property=\"og:image:type\" content=\"image\/jpeg\" \/>\n<meta name=\"twitter:card\" content=\"summary_large_image\" \/>\n<meta name=\"twitter:label1\" content=\"Estimated reading time\" \/>\n\t<meta name=\"twitter:data1\" content=\"1 minute\" \/>\n<script type=\"application\/ld+json\" class=\"yoast-schema-graph\">{\"@context\":\"https:\/\/schema.org\",\"@graph\":[{\"@type\":\"WebPage\",\"@id\":\"https:\/\/monro.rs\/proizvod\/lancic-za-naocare-42\/\",\"url\":\"https:\/\/monro.rs\/proizvod\/lancic-za-naocare-42\/\",\"name\":\"Lan\u010di\u0107 za nao\u010dare 42 - Monro\",\"isPartOf\":{\"@id\":\"https:\/\/monro.rs\/#website\"},\"primaryImageOfPage\":{\"@id\":\"https:\/\/monro.rs\/proizvod\/lancic-za-naocare-42\/#primaryimage\"},\"image\":{\"@id\":\"https:\/\/monro.rs\/proizvod\/lancic-za-naocare-42\/#primaryimage\"},\"thumbnailUrl\":\"https:\/\/emwg9vx3bei.exactdn.com\/wp-content\/uploads\/2024\/07\/img_1586.jpeg?strip=all&lossy=1&ssl=1\",\"datePublished\":\"2024-07-03T22:03:36+00:00\",\"dateModified\":\"2025-12-01T10:38:10+00:00\",\"breadcrumb\":{\"@id\":\"https:\/\/monro.rs\/proizvod\/lancic-za-naocare-42\/#breadcrumb\"},\"inLanguage\":\"en-GB\",\"potentialAction\":[{\"@type\":\"ReadAction\",\"target\":[\"https:\/\/monro.rs\/proizvod\/lancic-za-naocare-42\/\"]}]},{\"@type\":\"ImageObject\",\"inLanguage\":\"en-GB\",\"@id\":\"https:\/\/monro.rs\/proizvod\/lancic-za-naocare-42\/#primaryimage\",\"url\":\"https:\/\/emwg9vx3bei.exactdn.com\/wp-content\/uploads\/2024\/07\/img_1586.jpeg?strip=all&lossy=1&ssl=1\",\"contentUrl\":\"https:\/\/emwg9vx3bei.exactdn.com\/wp-content\/uploads\/2024\/07\/img_1586.jpeg?strip=all&lossy=1&ssl=1\",\"width\":1440,\"height\":1920},{\"@type\":\"BreadcrumbList\",\"@id\":\"https:\/\/monro.rs\/proizvod\/lancic-za-naocare-42\/#breadcrumb\",\"itemListElement\":[{\"@type\":\"ListItem\",\"position\":1,\"name\":\"\u041f\u043e\u0447\u0435\u0442\u043d\u0430\",\"item\":\"https:\/\/monro.rs\/\"},{\"@type\":\"ListItem\",\"position\":2,\"name\":\"Prodavnica\",\"item\":\"https:\/\/monro.rs\/shop\/\"},{\"@type\":\"ListItem\",\"position\":3,\"name\":\"Lan\u010di\u0107 za nao\u010dare 42\"}]},{\"@type\":\"WebSite\",\"@id\":\"https:\/\/monro.rs\/#website\",\"url\":\"https:\/\/monro.rs\/\",\"name\":\"Monro\",\"description\":\"\",\"publisher\":{\"@id\":\"https:\/\/monro.rs\/#organization\"},\"potentialAction\":[{\"@type\":\"SearchAction\",\"target\":{\"@type\":\"EntryPoint\",\"urlTemplate\":\"https:\/\/monro.rs\/?s={search_term_string}\"},\"query-input\":\"required name=search_term_string\"}],\"inLanguage\":\"en-GB\"},{\"@type\":\"Organization\",\"@id\":\"https:\/\/monro.rs\/#organization\",\"name\":\"Monro.rs\",\"url\":\"https:\/\/monro.rs\/\",\"logo\":{\"@type\":\"ImageObject\",\"inLanguage\":\"en-GB\",\"@id\":\"https:\/\/monro.rs\/#\/schema\/logo\/image\/\",\"url\":\"https:\/\/monro.rs\/wp-content\/uploads\/2022\/09\/97E1FAC5-8E56-4749-9E6F-8EB1B14949AD.jpeg\",\"contentUrl\":\"https:\/\/monro.rs\/wp-content\/uploads\/2022\/09\/97E1FAC5-8E56-4749-9E6F-8EB1B14949AD.jpeg\",\"width\":1242,\"height\":1204,\"caption\":\"Monro.rs\"},\"image\":{\"@id\":\"https:\/\/monro.rs\/#\/schema\/logo\/image\/\"},\"sameAs\":[\"https:\/\/m.facebook.com\/monromonro.rs\/\",\"https:\/\/www.instagram.com\/monro.rs\/?hl=en\"]}]}<\/script>\n<!-- \/ Yoast SEO plugin. -->","yoast_head_json":{"title":"Lan\u010di\u0107 za nao\u010dare 42 - Monro","robots":{"index":"index","follow":"follow","max-snippet":"max-snippet:-1","max-image-preview":"max-image-preview:large","max-video-preview":"max-video-preview:-1"},"canonical":"https:\/\/monro.rs\/en\/proizvod\/lancic-za-naocare-42\/","og_locale":"en_GB","og_type":"article","og_title":"Lan\u010di\u0107 za nao\u010dare 42 - Monro","og_description":"Artikal: Lan\u010di\u0107 za nao\u010dare  Zemlja porekla:\u00a0Kina  Uvoznik:\u00a0Monro trade doo  Sastav: Legura cinka","og_url":"https:\/\/monro.rs\/en\/proizvod\/lancic-za-naocare-42\/","og_site_name":"Monro","article_publisher":"https:\/\/m.facebook.com\/monromonro.rs\/","article_modified_time":"2025-12-01T10:38:10+00:00","og_image":[{"width":1440,"height":1920,"url":"https:\/\/monro.rs\/wp-content\/uploads\/2024\/07\/img_1586.jpeg","type":"image\/jpeg"}],"twitter_card":"summary_large_image","twitter_misc":{"Estimated reading time":"1 minute"},"schema":{"@context":"https:\/\/schema.org","@graph":[{"@type":"WebPage","@id":"https:\/\/monro.rs\/proizvod\/lancic-za-naocare-42\/","url":"https:\/\/monro.rs\/proizvod\/lancic-za-naocare-42\/","name":"Lan\u010di\u0107 za nao\u010dare 42 - Monro","isPartOf":{"@id":"https:\/\/monro.rs\/#website"},"primaryImageOfPage":{"@id":"https:\/\/monro.rs\/proizvod\/lancic-za-naocare-42\/#primaryimage"},"image":{"@id":"https:\/\/monro.rs\/proizvod\/lancic-za-naocare-42\/#primaryimage"},"thumbnailUrl":"https:\/\/emwg9vx3bei.exactdn.com\/wp-content\/uploads\/2024\/07\/img_1586.jpeg?strip=all&lossy=1&ssl=1","datePublished":"2024-07-03T22:03:36+00:00","dateModified":"2025-12-01T10:38:10+00:00","breadcrumb":{"@id":"https:\/\/monro.rs\/proizvod\/lancic-za-naocare-42\/#breadcrumb"},"inLanguage":"en-GB","potentialAction":[{"@type":"ReadAction","target":["https:\/\/monro.rs\/proizvod\/lancic-za-naocare-42\/"]}]},{"@type":"ImageObject","inLanguage":"en-GB","@id":"https:\/\/monro.rs\/proizvod\/lancic-za-naocare-42\/#primaryimage","url":"https:\/\/emwg9vx3bei.exactdn.com\/wp-content\/uploads\/2024\/07\/img_1586.jpeg?strip=all&lossy=1&ssl=1","contentUrl":"https:\/\/emwg9vx3bei.exactdn.com\/wp-content\/uploads\/2024\/07\/img_1586.jpeg?strip=all&lossy=1&ssl=1","width":1440,"height":1920},{"@type":"BreadcrumbList","@id":"https:\/\/monro.rs\/proizvod\/lancic-za-naocare-42\/#breadcrumb","itemListElement":[{"@type":"ListItem","position":1,"name":"\u041f\u043e\u0447\u0435\u0442\u043d\u0430","item":"https:\/\/monro.rs\/"},{"@type":"ListItem","position":2,"name":"Prodavnica","item":"https:\/\/monro.rs\/shop\/"},{"@type":"ListItem","position":3,"name":"Lan\u010di\u0107 za nao\u010dare 42"}]},{"@type":"WebSite","@id":"https:\/\/monro.rs\/#website","url":"https:\/\/monro.rs\/","name":"Monro","description":"","publisher":{"@id":"https:\/\/monro.rs\/#organization"},"potentialAction":[{"@type":"SearchAction","target":{"@type":"EntryPoint","urlTemplate":"https:\/\/monro.rs\/?s={search_term_string}"},"query-input":"required name=search_term_string"}],"inLanguage":"en-GB"},{"@type":"Organization","@id":"https:\/\/monro.rs\/#organization","name":"Monro.rs","url":"https:\/\/monro.rs\/","logo":{"@type":"ImageObject","inLanguage":"en-GB","@id":"https:\/\/monro.rs\/#\/schema\/logo\/image\/","url":"https:\/\/monro.rs\/wp-content\/uploads\/2022\/09\/97E1FAC5-8E56-4749-9E6F-8EB1B14949AD.jpeg","contentUrl":"https:\/\/monro.rs\/wp-content\/uploads\/2022\/09\/97E1FAC5-8E56-4749-9E6F-8EB1B14949AD.jpeg","width":1242,"height":1204,"caption":"Monro.rs"},"image":{"@id":"https:\/\/monro.rs\/#\/schema\/logo\/image\/"},"sameAs":["https:\/\/m.facebook.com\/monromonro.rs\/","https:\/\/www.instagram.com\/monro.rs\/?hl=en"]}]}},"_links":{"self":[{"href":"https:\/\/monro.rs\/en\/wp-json\/wp\/v2\/product\/80605"}],"collection":[{"href":"https:\/\/monro.rs\/en\/wp-json\/wp\/v2\/product"}],"about":[{"href":"https:\/\/monro.rs\/en\/wp-json\/wp\/v2\/types\/product"}],"wp:featuredmedia":[{"embeddable":true,"href":"https:\/\/monro.rs\/en\/wp-json\/wp\/v2\/media\/80565"}],"wp:attachment":[{"href":"https:\/\/monro.rs\/en\/wp-json\/wp\/v2\/media?parent=80605"}],"wp:term":[{"taxonomy":"product_cat","embeddable":true,"href":"https:\/\/monro.rs\/en\/wp-json\/wp\/v2\/product_cat?post=80605"},{"taxonomy":"product_tag","embeddable":true,"href":"https:\/\/monro.rs\/en\/wp-json\/wp\/v2\/product_tag?post=80605"}],"curies":[{"name":"wp","href":"https:\/\/api.w.org\/{rel}","templated":true}]}}