{"id":80481,"date":"2024-07-03T10:03:05","date_gmt":"2024-07-03T10:03:05","guid":{"rendered":"https:\/\/monro.rs\/?post_type=product&#038;p=80481"},"modified":"2026-05-16T10:20:57","modified_gmt":"2026-05-16T10:20:57","slug":"monro-premium-16","status":"publish","type":"product","link":"https:\/\/monro.rs\/en\/proizvod\/monro-premium-16\/","title":{"rendered":"Monro premium 16"},"content":{"rendered":"","protected":false},"excerpt":{"rendered":"<p>Dobrodo\u0161li u svet vrhunskih nao\u010dara! Predstavljamo vam na\u0161e najnovije polarizovane modele sa acetatnim ramom. Ove nao\u010dare su pravi sinonim za stil i funkcionalnost. Njihov acetatni ram dimenzija 138x49mm donosi izuzetnu udobnost i istovremeno privla\u010dan izgled koji se isti\u010de. Sa polarizovanim staklima, pru\u017eaju vam ne samo o\u0161tar i jasan vid, ve\u0107 i za\u0161titu od nepo\u017eeljnih odbljesaka.<\/p>\n<p>Na\u0161e nao\u010dare su pa\u017eljivo izra\u0111ene koriste\u0107i najkvalitetnije materijale, sa posebnom pa\u017enjom posve\u0107enom detaljima. Svaki par nao\u010dara je kreiran da odgovara razli\u010ditim stilovima i li\u010dnostima, tako da mo\u017eete prona\u0107i savr\u0161en model koji odra\u017eava va\u0161u individualnost.<\/p>\n<p>U\u017eivajte u svakom trenutku sa na\u0161im polarizovanim acetatnim nao\u010darima. Budite spremni da zakora\u010dite u svet jasnog vida, udobnosti i bezvremenskog stila. Osetite razliku i istaknite se sa na\u0161im vrhunskim nao\u010darima. Uverite se za\u0161to su na\u0161e polarizovane nao\u010dare sa acetatnim ramom pravi izbor za sve ljubitelje mode i kvaliteta.<\/p>\n<p>Zakora\u010dite u svet Monro nao\u010dara \u2013 va\u0161ih vernih partnera u stilu i jasno\u0107i<\/p>","protected":false},"featured_media":93622,"template":"","meta":{"content-type":"","_monsterinsights_skip_tracking":false,"_monsterinsights_sitenote_active":false,"_monsterinsights_sitenote_note":"","_monsterinsights_sitenote_category":0},"product_cat":[127,33,34,35],"product_tag":[],"yoast_head":"<!-- This site is optimized with the Yoast SEO plugin v22.6 - https:\/\/yoast.com\/wordpress\/plugins\/seo\/ -->\n<title>Monro premium 16 - Monro<\/title>\n<meta name=\"robots\" content=\"index, follow, max-snippet:-1, max-image-preview:large, max-video-preview:-1\" \/>\n<link rel=\"canonical\" href=\"https:\/\/monro.rs\/en\/proizvod\/monro-premium-16\/\" \/>\n<meta property=\"og:locale\" content=\"en_GB\" \/>\n<meta property=\"og:type\" content=\"article\" \/>\n<meta property=\"og:title\" content=\"Monro premium 16 - Monro\" \/>\n<meta property=\"og:description\" content=\"Dobrodo\u0161li u svet vrhunskih nao\u010dara! Predstavljamo vam na\u0161e najnovije polarizovane modele sa acetatnim ramom. Ove nao\u010dare su pravi sinonim za stil i funkcionalnost. Njihov acetatni ram dimenzija 138x49mm donosi izuzetnu udobnost i istovremeno privla\u010dan izgled koji se isti\u010de. Sa polarizovanim staklima, pru\u017eaju vam ne samo o\u0161tar i jasan vid, ve\u0107 i za\u0161titu od nepo\u017eeljnih odbljesaka.  Na\u0161e nao\u010dare su pa\u017eljivo izra\u0111ene koriste\u0107i najkvalitetnije materijale, sa posebnom pa\u017enjom posve\u0107enom detaljima. Svaki par nao\u010dara je kreiran da odgovara razli\u010ditim stilovima i li\u010dnostima, tako da mo\u017eete prona\u0107i savr\u0161en model koji odra\u017eava va\u0161u individualnost.  U\u017eivajte u svakom trenutku sa na\u0161im polarizovanim acetatnim nao\u010darima. Budite spremni da zakora\u010dite u svet jasnog vida, udobnosti i bezvremenskog stila. Osetite razliku i istaknite se sa na\u0161im vrhunskim nao\u010darima. Uverite se za\u0161to su na\u0161e polarizovane nao\u010dare sa acetatnim ramom pravi izbor za sve ljubitelje mode i kvaliteta.  Zakora\u010dite u svet Monro nao\u010dara \u2013 va\u0161ih vernih partnera u stilu i jasno\u0107i\" \/>\n<meta property=\"og:url\" content=\"https:\/\/monro.rs\/en\/proizvod\/monro-premium-16\/\" \/>\n<meta property=\"og:site_name\" content=\"Monro\" \/>\n<meta property=\"article:publisher\" content=\"https:\/\/m.facebook.com\/monromonro.rs\/\" \/>\n<meta property=\"article:modified_time\" content=\"2026-05-16T10:20:57+00:00\" \/>\n<meta property=\"og:image\" content=\"https:\/\/monro.rs\/wp-content\/uploads\/2026\/05\/img-9975.jpeg\" \/>\n\t<meta property=\"og:image:width\" content=\"1536\" \/>\n\t<meta property=\"og:image:height\" content=\"1920\" \/>\n\t<meta property=\"og:image:type\" content=\"image\/jpeg\" \/>\n<meta name=\"twitter:card\" content=\"summary_large_image\" \/>\n<meta name=\"twitter:label1\" content=\"Estimated reading time\" \/>\n\t<meta name=\"twitter:data1\" content=\"1 minute\" \/>\n<script type=\"application\/ld+json\" class=\"yoast-schema-graph\">{\"@context\":\"https:\/\/schema.org\",\"@graph\":[{\"@type\":\"WebPage\",\"@id\":\"https:\/\/monro.rs\/proizvod\/monro-premium-16\/\",\"url\":\"https:\/\/monro.rs\/proizvod\/monro-premium-16\/\",\"name\":\"Monro premium 16 - Monro\",\"isPartOf\":{\"@id\":\"https:\/\/monro.rs\/#website\"},\"primaryImageOfPage\":{\"@id\":\"https:\/\/monro.rs\/proizvod\/monro-premium-16\/#primaryimage\"},\"image\":{\"@id\":\"https:\/\/monro.rs\/proizvod\/monro-premium-16\/#primaryimage\"},\"thumbnailUrl\":\"https:\/\/emwg9vx3bei.exactdn.com\/wp-content\/uploads\/2026\/05\/img-9975.jpeg?strip=all&lossy=1&ssl=1\",\"datePublished\":\"2024-07-03T10:03:05+00:00\",\"dateModified\":\"2026-05-16T10:20:57+00:00\",\"breadcrumb\":{\"@id\":\"https:\/\/monro.rs\/proizvod\/monro-premium-16\/#breadcrumb\"},\"inLanguage\":\"en-GB\",\"potentialAction\":[{\"@type\":\"ReadAction\",\"target\":[\"https:\/\/monro.rs\/proizvod\/monro-premium-16\/\"]}]},{\"@type\":\"ImageObject\",\"inLanguage\":\"en-GB\",\"@id\":\"https:\/\/monro.rs\/proizvod\/monro-premium-16\/#primaryimage\",\"url\":\"https:\/\/emwg9vx3bei.exactdn.com\/wp-content\/uploads\/2026\/05\/img-9975.jpeg?strip=all&lossy=1&ssl=1\",\"contentUrl\":\"https:\/\/emwg9vx3bei.exactdn.com\/wp-content\/uploads\/2026\/05\/img-9975.jpeg?strip=all&lossy=1&ssl=1\",\"width\":1536,\"height\":1920},{\"@type\":\"BreadcrumbList\",\"@id\":\"https:\/\/monro.rs\/proizvod\/monro-premium-16\/#breadcrumb\",\"itemListElement\":[{\"@type\":\"ListItem\",\"position\":1,\"name\":\"\u041f\u043e\u0447\u0435\u0442\u043d\u0430\",\"item\":\"https:\/\/monro.rs\/\"},{\"@type\":\"ListItem\",\"position\":2,\"name\":\"Prodavnica\",\"item\":\"https:\/\/monro.rs\/shop\/\"},{\"@type\":\"ListItem\",\"position\":3,\"name\":\"Monro premium 16\"}]},{\"@type\":\"WebSite\",\"@id\":\"https:\/\/monro.rs\/#website\",\"url\":\"https:\/\/monro.rs\/\",\"name\":\"Monro\",\"description\":\"\",\"publisher\":{\"@id\":\"https:\/\/monro.rs\/#organization\"},\"potentialAction\":[{\"@type\":\"SearchAction\",\"target\":{\"@type\":\"EntryPoint\",\"urlTemplate\":\"https:\/\/monro.rs\/?s={search_term_string}\"},\"query-input\":\"required name=search_term_string\"}],\"inLanguage\":\"en-GB\"},{\"@type\":\"Organization\",\"@id\":\"https:\/\/monro.rs\/#organization\",\"name\":\"Monro.rs\",\"url\":\"https:\/\/monro.rs\/\",\"logo\":{\"@type\":\"ImageObject\",\"inLanguage\":\"en-GB\",\"@id\":\"https:\/\/monro.rs\/#\/schema\/logo\/image\/\",\"url\":\"https:\/\/monro.rs\/wp-content\/uploads\/2022\/09\/97E1FAC5-8E56-4749-9E6F-8EB1B14949AD.jpeg\",\"contentUrl\":\"https:\/\/monro.rs\/wp-content\/uploads\/2022\/09\/97E1FAC5-8E56-4749-9E6F-8EB1B14949AD.jpeg\",\"width\":1242,\"height\":1204,\"caption\":\"Monro.rs\"},\"image\":{\"@id\":\"https:\/\/monro.rs\/#\/schema\/logo\/image\/\"},\"sameAs\":[\"https:\/\/m.facebook.com\/monromonro.rs\/\",\"https:\/\/www.instagram.com\/monro.rs\/?hl=en\"]}]}<\/script>\n<!-- \/ Yoast SEO plugin. -->","yoast_head_json":{"title":"Monro premium 16 - Monro","robots":{"index":"index","follow":"follow","max-snippet":"max-snippet:-1","max-image-preview":"max-image-preview:large","max-video-preview":"max-video-preview:-1"},"canonical":"https:\/\/monro.rs\/en\/proizvod\/monro-premium-16\/","og_locale":"en_GB","og_type":"article","og_title":"Monro premium 16 - Monro","og_description":"Dobrodo\u0161li u svet vrhunskih nao\u010dara! Predstavljamo vam na\u0161e najnovije polarizovane modele sa acetatnim ramom. Ove nao\u010dare su pravi sinonim za stil i funkcionalnost. Njihov acetatni ram dimenzija 138x49mm donosi izuzetnu udobnost i istovremeno privla\u010dan izgled koji se isti\u010de. Sa polarizovanim staklima, pru\u017eaju vam ne samo o\u0161tar i jasan vid, ve\u0107 i za\u0161titu od nepo\u017eeljnih odbljesaka.  Na\u0161e nao\u010dare su pa\u017eljivo izra\u0111ene koriste\u0107i najkvalitetnije materijale, sa posebnom pa\u017enjom posve\u0107enom detaljima. Svaki par nao\u010dara je kreiran da odgovara razli\u010ditim stilovima i li\u010dnostima, tako da mo\u017eete prona\u0107i savr\u0161en model koji odra\u017eava va\u0161u individualnost.  U\u017eivajte u svakom trenutku sa na\u0161im polarizovanim acetatnim nao\u010darima. Budite spremni da zakora\u010dite u svet jasnog vida, udobnosti i bezvremenskog stila. Osetite razliku i istaknite se sa na\u0161im vrhunskim nao\u010darima. Uverite se za\u0161to su na\u0161e polarizovane nao\u010dare sa acetatnim ramom pravi izbor za sve ljubitelje mode i kvaliteta.  Zakora\u010dite u svet Monro nao\u010dara \u2013 va\u0161ih vernih partnera u stilu i jasno\u0107i","og_url":"https:\/\/monro.rs\/en\/proizvod\/monro-premium-16\/","og_site_name":"Monro","article_publisher":"https:\/\/m.facebook.com\/monromonro.rs\/","article_modified_time":"2026-05-16T10:20:57+00:00","og_image":[{"width":1536,"height":1920,"url":"https:\/\/monro.rs\/wp-content\/uploads\/2026\/05\/img-9975.jpeg","type":"image\/jpeg"}],"twitter_card":"summary_large_image","twitter_misc":{"Estimated reading time":"1 minute"},"schema":{"@context":"https:\/\/schema.org","@graph":[{"@type":"WebPage","@id":"https:\/\/monro.rs\/proizvod\/monro-premium-16\/","url":"https:\/\/monro.rs\/proizvod\/monro-premium-16\/","name":"Monro premium 16 - Monro","isPartOf":{"@id":"https:\/\/monro.rs\/#website"},"primaryImageOfPage":{"@id":"https:\/\/monro.rs\/proizvod\/monro-premium-16\/#primaryimage"},"image":{"@id":"https:\/\/monro.rs\/proizvod\/monro-premium-16\/#primaryimage"},"thumbnailUrl":"https:\/\/emwg9vx3bei.exactdn.com\/wp-content\/uploads\/2026\/05\/img-9975.jpeg?strip=all&lossy=1&ssl=1","datePublished":"2024-07-03T10:03:05+00:00","dateModified":"2026-05-16T10:20:57+00:00","breadcrumb":{"@id":"https:\/\/monro.rs\/proizvod\/monro-premium-16\/#breadcrumb"},"inLanguage":"en-GB","potentialAction":[{"@type":"ReadAction","target":["https:\/\/monro.rs\/proizvod\/monro-premium-16\/"]}]},{"@type":"ImageObject","inLanguage":"en-GB","@id":"https:\/\/monro.rs\/proizvod\/monro-premium-16\/#primaryimage","url":"https:\/\/emwg9vx3bei.exactdn.com\/wp-content\/uploads\/2026\/05\/img-9975.jpeg?strip=all&lossy=1&ssl=1","contentUrl":"https:\/\/emwg9vx3bei.exactdn.com\/wp-content\/uploads\/2026\/05\/img-9975.jpeg?strip=all&lossy=1&ssl=1","width":1536,"height":1920},{"@type":"BreadcrumbList","@id":"https:\/\/monro.rs\/proizvod\/monro-premium-16\/#breadcrumb","itemListElement":[{"@type":"ListItem","position":1,"name":"\u041f\u043e\u0447\u0435\u0442\u043d\u0430","item":"https:\/\/monro.rs\/"},{"@type":"ListItem","position":2,"name":"Prodavnica","item":"https:\/\/monro.rs\/shop\/"},{"@type":"ListItem","position":3,"name":"Monro premium 16"}]},{"@type":"WebSite","@id":"https:\/\/monro.rs\/#website","url":"https:\/\/monro.rs\/","name":"Monro","description":"","publisher":{"@id":"https:\/\/monro.rs\/#organization"},"potentialAction":[{"@type":"SearchAction","target":{"@type":"EntryPoint","urlTemplate":"https:\/\/monro.rs\/?s={search_term_string}"},"query-input":"required name=search_term_string"}],"inLanguage":"en-GB"},{"@type":"Organization","@id":"https:\/\/monro.rs\/#organization","name":"Monro.rs","url":"https:\/\/monro.rs\/","logo":{"@type":"ImageObject","inLanguage":"en-GB","@id":"https:\/\/monro.rs\/#\/schema\/logo\/image\/","url":"https:\/\/monro.rs\/wp-content\/uploads\/2022\/09\/97E1FAC5-8E56-4749-9E6F-8EB1B14949AD.jpeg","contentUrl":"https:\/\/monro.rs\/wp-content\/uploads\/2022\/09\/97E1FAC5-8E56-4749-9E6F-8EB1B14949AD.jpeg","width":1242,"height":1204,"caption":"Monro.rs"},"image":{"@id":"https:\/\/monro.rs\/#\/schema\/logo\/image\/"},"sameAs":["https:\/\/m.facebook.com\/monromonro.rs\/","https:\/\/www.instagram.com\/monro.rs\/?hl=en"]}]}},"_links":{"self":[{"href":"https:\/\/monro.rs\/en\/wp-json\/wp\/v2\/product\/80481"}],"collection":[{"href":"https:\/\/monro.rs\/en\/wp-json\/wp\/v2\/product"}],"about":[{"href":"https:\/\/monro.rs\/en\/wp-json\/wp\/v2\/types\/product"}],"wp:featuredmedia":[{"embeddable":true,"href":"https:\/\/monro.rs\/en\/wp-json\/wp\/v2\/media\/93622"}],"wp:attachment":[{"href":"https:\/\/monro.rs\/en\/wp-json\/wp\/v2\/media?parent=80481"}],"wp:term":[{"taxonomy":"product_cat","embeddable":true,"href":"https:\/\/monro.rs\/en\/wp-json\/wp\/v2\/product_cat?post=80481"},{"taxonomy":"product_tag","embeddable":true,"href":"https:\/\/monro.rs\/en\/wp-json\/wp\/v2\/product_tag?post=80481"}],"curies":[{"name":"wp","href":"https:\/\/api.w.org\/{rel}","templated":true}]}}