{"id":76293,"date":"2024-02-14T10:56:42","date_gmt":"2024-02-14T10:56:42","guid":{"rendered":"https:\/\/monro.rs\/?post_type=product&#038;p=76293"},"modified":"2026-03-06T07:44:26","modified_gmt":"2026-03-06T07:44:26","slug":"flafi-naocare-sa-providnim-staklima","status":"publish","type":"product","link":"https:\/\/monro.rs\/en\/proizvod\/flafi-naocare-sa-providnim-staklima\/","title":{"rendered":"Silvi nao\u010dare sa providnim staklima"},"content":{"rendered":"","protected":false},"excerpt":{"rendered":"<ul>\n<li><strong>Artikal:<\/strong> Nao\u010dare<\/li>\n<li><strong>Zemlja porekla:<\/strong> Kina<\/li>\n<li><strong>Uvoznik:<\/strong> Monro trade doo<\/li>\n<li><strong>Sastav:<\/strong> plastika\/metal<\/li>\n<li><strong>Odr\u017eavanje:<\/strong> brisanje krpicom<\/li>\n<li><strong>UV400 za\u0161tita od sunca<\/strong><\/li>\n<\/ul>\n<p style=\"text-align: left;\">Veli\u010dina modela:<\/p>\n<ul>\n<li style=\"text-align: left;\">\u0161irina rama 140mm<\/li>\n<li>visina rama 56mm<\/li>\n<li>du\u017eina ru\u010dkica 145mm<\/li>\n<\/ul>","protected":false},"featured_media":76295,"template":"","meta":{"content-type":"","_monsterinsights_skip_tracking":false,"_monsterinsights_sitenote_active":false,"_monsterinsights_sitenote_note":"","_monsterinsights_sitenote_category":0},"product_cat":[91,35],"product_tag":[],"yoast_head":"<!-- This site is optimized with the Yoast SEO plugin v22.6 - https:\/\/yoast.com\/wordpress\/plugins\/seo\/ -->\n<title>Silvi nao\u010dare sa providnim staklima - Monro<\/title>\n<meta name=\"robots\" content=\"index, follow, max-snippet:-1, max-image-preview:large, max-video-preview:-1\" \/>\n<link rel=\"canonical\" href=\"https:\/\/monro.rs\/en\/proizvod\/flafi-naocare-sa-providnim-staklima\/\" \/>\n<meta property=\"og:locale\" content=\"en_GB\" \/>\n<meta property=\"og:type\" content=\"article\" \/>\n<meta property=\"og:title\" content=\"Silvi nao\u010dare sa providnim staklima - Monro\" \/>\n<meta property=\"og:description\" content=\"Artikal: Nao\u010dare  Zemlja porekla: Kina  Uvoznik: Monro trade doo  Sastav: plastika\/metal  Odr\u017eavanje: brisanje krpicom  UV400 za\u0161tita od sunca  Veli\u010dina modela:    \u0161irina rama 140mm  visina rama 56mm  du\u017eina ru\u010dkica 145mm\" \/>\n<meta property=\"og:url\" content=\"https:\/\/monro.rs\/en\/proizvod\/flafi-naocare-sa-providnim-staklima\/\" \/>\n<meta property=\"og:site_name\" content=\"Monro\" \/>\n<meta property=\"article:publisher\" content=\"https:\/\/m.facebook.com\/monromonro.rs\/\" \/>\n<meta property=\"article:modified_time\" content=\"2026-03-06T07:44:26+00:00\" \/>\n<meta property=\"og:image\" content=\"https:\/\/monro.rs\/wp-content\/uploads\/2024\/02\/img_1793-1.jpg\" \/>\n\t<meta property=\"og:image:width\" content=\"1290\" \/>\n\t<meta property=\"og:image:height\" content=\"1290\" \/>\n\t<meta property=\"og:image:type\" content=\"image\/jpeg\" \/>\n<meta name=\"twitter:card\" content=\"summary_large_image\" \/>\n<meta name=\"twitter:label1\" content=\"Estimated reading time\" \/>\n\t<meta name=\"twitter:data1\" content=\"1 minute\" \/>\n<script type=\"application\/ld+json\" class=\"yoast-schema-graph\">{\"@context\":\"https:\/\/schema.org\",\"@graph\":[{\"@type\":\"WebPage\",\"@id\":\"https:\/\/monro.rs\/proizvod\/flafi-naocare-sa-providnim-staklima\/\",\"url\":\"https:\/\/monro.rs\/proizvod\/flafi-naocare-sa-providnim-staklima\/\",\"name\":\"Silvi nao\u010dare sa providnim staklima - Monro\",\"isPartOf\":{\"@id\":\"https:\/\/monro.rs\/#website\"},\"primaryImageOfPage\":{\"@id\":\"https:\/\/monro.rs\/proizvod\/flafi-naocare-sa-providnim-staklima\/#primaryimage\"},\"image\":{\"@id\":\"https:\/\/monro.rs\/proizvod\/flafi-naocare-sa-providnim-staklima\/#primaryimage\"},\"thumbnailUrl\":\"https:\/\/emwg9vx3bei.exactdn.com\/wp-content\/uploads\/2024\/02\/img_1793-1.jpg?strip=all&lossy=1&ssl=1\",\"datePublished\":\"2024-02-14T10:56:42+00:00\",\"dateModified\":\"2026-03-06T07:44:26+00:00\",\"breadcrumb\":{\"@id\":\"https:\/\/monro.rs\/proizvod\/flafi-naocare-sa-providnim-staklima\/#breadcrumb\"},\"inLanguage\":\"en-GB\",\"potentialAction\":[{\"@type\":\"ReadAction\",\"target\":[\"https:\/\/monro.rs\/proizvod\/flafi-naocare-sa-providnim-staklima\/\"]}]},{\"@type\":\"ImageObject\",\"inLanguage\":\"en-GB\",\"@id\":\"https:\/\/monro.rs\/proizvod\/flafi-naocare-sa-providnim-staklima\/#primaryimage\",\"url\":\"https:\/\/emwg9vx3bei.exactdn.com\/wp-content\/uploads\/2024\/02\/img_1793-1.jpg?strip=all&lossy=1&ssl=1\",\"contentUrl\":\"https:\/\/emwg9vx3bei.exactdn.com\/wp-content\/uploads\/2024\/02\/img_1793-1.jpg?strip=all&lossy=1&ssl=1\",\"width\":1290,\"height\":1290},{\"@type\":\"BreadcrumbList\",\"@id\":\"https:\/\/monro.rs\/proizvod\/flafi-naocare-sa-providnim-staklima\/#breadcrumb\",\"itemListElement\":[{\"@type\":\"ListItem\",\"position\":1,\"name\":\"\u041f\u043e\u0447\u0435\u0442\u043d\u0430\",\"item\":\"https:\/\/monro.rs\/\"},{\"@type\":\"ListItem\",\"position\":2,\"name\":\"Prodavnica\",\"item\":\"https:\/\/monro.rs\/shop\/\"},{\"@type\":\"ListItem\",\"position\":3,\"name\":\"Silvi nao\u010dare sa providnim staklima\"}]},{\"@type\":\"WebSite\",\"@id\":\"https:\/\/monro.rs\/#website\",\"url\":\"https:\/\/monro.rs\/\",\"name\":\"Monro\",\"description\":\"\",\"publisher\":{\"@id\":\"https:\/\/monro.rs\/#organization\"},\"potentialAction\":[{\"@type\":\"SearchAction\",\"target\":{\"@type\":\"EntryPoint\",\"urlTemplate\":\"https:\/\/monro.rs\/?s={search_term_string}\"},\"query-input\":\"required name=search_term_string\"}],\"inLanguage\":\"en-GB\"},{\"@type\":\"Organization\",\"@id\":\"https:\/\/monro.rs\/#organization\",\"name\":\"Monro.rs\",\"url\":\"https:\/\/monro.rs\/\",\"logo\":{\"@type\":\"ImageObject\",\"inLanguage\":\"en-GB\",\"@id\":\"https:\/\/monro.rs\/#\/schema\/logo\/image\/\",\"url\":\"https:\/\/monro.rs\/wp-content\/uploads\/2022\/09\/97E1FAC5-8E56-4749-9E6F-8EB1B14949AD.jpeg\",\"contentUrl\":\"https:\/\/monro.rs\/wp-content\/uploads\/2022\/09\/97E1FAC5-8E56-4749-9E6F-8EB1B14949AD.jpeg\",\"width\":1242,\"height\":1204,\"caption\":\"Monro.rs\"},\"image\":{\"@id\":\"https:\/\/monro.rs\/#\/schema\/logo\/image\/\"},\"sameAs\":[\"https:\/\/m.facebook.com\/monromonro.rs\/\",\"https:\/\/www.instagram.com\/monro.rs\/?hl=en\"]}]}<\/script>\n<!-- \/ Yoast SEO plugin. -->","yoast_head_json":{"title":"Silvi nao\u010dare sa providnim staklima - Monro","robots":{"index":"index","follow":"follow","max-snippet":"max-snippet:-1","max-image-preview":"max-image-preview:large","max-video-preview":"max-video-preview:-1"},"canonical":"https:\/\/monro.rs\/en\/proizvod\/flafi-naocare-sa-providnim-staklima\/","og_locale":"en_GB","og_type":"article","og_title":"Silvi nao\u010dare sa providnim staklima - Monro","og_description":"Artikal: Nao\u010dare  Zemlja porekla: Kina  Uvoznik: Monro trade doo  Sastav: plastika\/metal  Odr\u017eavanje: brisanje krpicom  UV400 za\u0161tita od sunca  Veli\u010dina modela:    \u0161irina rama 140mm  visina rama 56mm  du\u017eina ru\u010dkica 145mm","og_url":"https:\/\/monro.rs\/en\/proizvod\/flafi-naocare-sa-providnim-staklima\/","og_site_name":"Monro","article_publisher":"https:\/\/m.facebook.com\/monromonro.rs\/","article_modified_time":"2026-03-06T07:44:26+00:00","og_image":[{"width":1290,"height":1290,"url":"https:\/\/monro.rs\/wp-content\/uploads\/2024\/02\/img_1793-1.jpg","type":"image\/jpeg"}],"twitter_card":"summary_large_image","twitter_misc":{"Estimated reading time":"1 minute"},"schema":{"@context":"https:\/\/schema.org","@graph":[{"@type":"WebPage","@id":"https:\/\/monro.rs\/proizvod\/flafi-naocare-sa-providnim-staklima\/","url":"https:\/\/monro.rs\/proizvod\/flafi-naocare-sa-providnim-staklima\/","name":"Silvi nao\u010dare sa providnim staklima - Monro","isPartOf":{"@id":"https:\/\/monro.rs\/#website"},"primaryImageOfPage":{"@id":"https:\/\/monro.rs\/proizvod\/flafi-naocare-sa-providnim-staklima\/#primaryimage"},"image":{"@id":"https:\/\/monro.rs\/proizvod\/flafi-naocare-sa-providnim-staklima\/#primaryimage"},"thumbnailUrl":"https:\/\/emwg9vx3bei.exactdn.com\/wp-content\/uploads\/2024\/02\/img_1793-1.jpg?strip=all&lossy=1&ssl=1","datePublished":"2024-02-14T10:56:42+00:00","dateModified":"2026-03-06T07:44:26+00:00","breadcrumb":{"@id":"https:\/\/monro.rs\/proizvod\/flafi-naocare-sa-providnim-staklima\/#breadcrumb"},"inLanguage":"en-GB","potentialAction":[{"@type":"ReadAction","target":["https:\/\/monro.rs\/proizvod\/flafi-naocare-sa-providnim-staklima\/"]}]},{"@type":"ImageObject","inLanguage":"en-GB","@id":"https:\/\/monro.rs\/proizvod\/flafi-naocare-sa-providnim-staklima\/#primaryimage","url":"https:\/\/emwg9vx3bei.exactdn.com\/wp-content\/uploads\/2024\/02\/img_1793-1.jpg?strip=all&lossy=1&ssl=1","contentUrl":"https:\/\/emwg9vx3bei.exactdn.com\/wp-content\/uploads\/2024\/02\/img_1793-1.jpg?strip=all&lossy=1&ssl=1","width":1290,"height":1290},{"@type":"BreadcrumbList","@id":"https:\/\/monro.rs\/proizvod\/flafi-naocare-sa-providnim-staklima\/#breadcrumb","itemListElement":[{"@type":"ListItem","position":1,"name":"\u041f\u043e\u0447\u0435\u0442\u043d\u0430","item":"https:\/\/monro.rs\/"},{"@type":"ListItem","position":2,"name":"Prodavnica","item":"https:\/\/monro.rs\/shop\/"},{"@type":"ListItem","position":3,"name":"Silvi nao\u010dare sa providnim staklima"}]},{"@type":"WebSite","@id":"https:\/\/monro.rs\/#website","url":"https:\/\/monro.rs\/","name":"Monro","description":"","publisher":{"@id":"https:\/\/monro.rs\/#organization"},"potentialAction":[{"@type":"SearchAction","target":{"@type":"EntryPoint","urlTemplate":"https:\/\/monro.rs\/?s={search_term_string}"},"query-input":"required name=search_term_string"}],"inLanguage":"en-GB"},{"@type":"Organization","@id":"https:\/\/monro.rs\/#organization","name":"Monro.rs","url":"https:\/\/monro.rs\/","logo":{"@type":"ImageObject","inLanguage":"en-GB","@id":"https:\/\/monro.rs\/#\/schema\/logo\/image\/","url":"https:\/\/monro.rs\/wp-content\/uploads\/2022\/09\/97E1FAC5-8E56-4749-9E6F-8EB1B14949AD.jpeg","contentUrl":"https:\/\/monro.rs\/wp-content\/uploads\/2022\/09\/97E1FAC5-8E56-4749-9E6F-8EB1B14949AD.jpeg","width":1242,"height":1204,"caption":"Monro.rs"},"image":{"@id":"https:\/\/monro.rs\/#\/schema\/logo\/image\/"},"sameAs":["https:\/\/m.facebook.com\/monromonro.rs\/","https:\/\/www.instagram.com\/monro.rs\/?hl=en"]}]}},"_links":{"self":[{"href":"https:\/\/monro.rs\/en\/wp-json\/wp\/v2\/product\/76293"}],"collection":[{"href":"https:\/\/monro.rs\/en\/wp-json\/wp\/v2\/product"}],"about":[{"href":"https:\/\/monro.rs\/en\/wp-json\/wp\/v2\/types\/product"}],"wp:featuredmedia":[{"embeddable":true,"href":"https:\/\/monro.rs\/en\/wp-json\/wp\/v2\/media\/76295"}],"wp:attachment":[{"href":"https:\/\/monro.rs\/en\/wp-json\/wp\/v2\/media?parent=76293"}],"wp:term":[{"taxonomy":"product_cat","embeddable":true,"href":"https:\/\/monro.rs\/en\/wp-json\/wp\/v2\/product_cat?post=76293"},{"taxonomy":"product_tag","embeddable":true,"href":"https:\/\/monro.rs\/en\/wp-json\/wp\/v2\/product_tag?post=76293"}],"curies":[{"name":"wp","href":"https:\/\/api.w.org\/{rel}","templated":true}]}}