{"id":79886,"date":"2024-06-19T09:57:45","date_gmt":"2024-06-19T09:57:45","guid":{"rendered":"https:\/\/monro.rs\/?page_id=79886"},"modified":"2026-03-15T23:24:40","modified_gmt":"2026-03-15T23:24:40","slug":"lokacije","status":"publish","type":"page","link":"https:\/\/monro.rs\/en\/lokacije\/","title":{"rendered":"Lokacije"},"content":{"rendered":"<div data-elementor-type=\"wp-page\" data-elementor-id=\"79886\" class=\"elementor elementor-79886\" data-elementor-post-type=\"page\">\n\t\t\t\t\t\t<section class=\"elementor-section elementor-top-section elementor-element elementor-element-e0d484e elementor-section-full_width elementor-section-height-min-height elementor-section-stretched elementor-section-height-default elementor-section-items-middle\" data-id=\"e0d484e\" data-element_type=\"section\" data-settings=\"{&quot;stretch_section&quot;:&quot;section-stretched&quot;,&quot;background_background&quot;:&quot;classic&quot;}\">\n\t\t\t\t\t\t\t<div class=\"elementor-background-overlay\"><\/div>\n\t\t\t\t\t\t\t<div class=\"elementor-container elementor-column-gap-default\">\n\t\t\t\t\t<div class=\"elementor-column elementor-col-100 elementor-top-column elementor-element elementor-element-335c565\" data-id=\"335c565\" data-element_type=\"column\">\n\t\t\t<div class=\"elementor-widget-wrap elementor-element-populated\">\n\t\t\t\t\t\t<div class=\"elementor-element elementor-element-382c409 elementor-widget elementor-widget-heading\" data-id=\"382c409\" data-element_type=\"widget\" data-widget_type=\"heading.default\">\n\t\t\t\t<div class=\"elementor-widget-container\">\n\t\t\t<h2 class=\"elementor-heading-title elementor-size-default\">LOKACIJE<\/h2>\t\t<\/div>\n\t\t\t\t<\/div>\n\t\t\t\t\t<\/div>\n\t\t<\/div>\n\t\t\t\t\t<\/div>\n\t\t<\/section>\n\t\t\t\t<section class=\"elementor-section elementor-top-section elementor-element elementor-element-7471cf6 elementor-reverse-mobile elementor-section-boxed elementor-section-height-default elementor-section-height-default\" data-id=\"7471cf6\" data-element_type=\"section\">\n\t\t\t\t\t\t<div class=\"elementor-container elementor-column-gap-default\">\n\t\t\t\t\t<div class=\"elementor-column elementor-col-50 elementor-top-column elementor-element elementor-element-b8779ef\" data-id=\"b8779ef\" data-element_type=\"column\">\n\t\t\t<div class=\"elementor-widget-wrap elementor-element-populated\">\n\t\t\t\t\t\t<div class=\"elementor-element elementor-element-c649396 elementor-widget elementor-widget-image\" data-id=\"c649396\" data-element_type=\"widget\" data-widget_type=\"image.default\">\n\t\t\t\t<div class=\"elementor-widget-container\">\n\t\t\t\t\t\t\t\t\t\t\t\t\t<img fetchpriority=\"high\" decoding=\"async\" width=\"823\" height=\"1024\" src=\"https:\/\/emwg9vx3bei.exactdn.com\/wp-content\/uploads\/2024\/06\/galerija-823x1024.webp?strip=all&amp;lossy=1&amp;ssl=1\" class=\"attachment-large size-large wp-image-79890\" alt=\"\" srcset=\"https:\/\/emwg9vx3bei.exactdn.com\/wp-content\/uploads\/2024\/06\/galerija-823x1024.webp?strip=all&amp;lossy=1&amp;ssl=1 823w, https:\/\/emwg9vx3bei.exactdn.com\/wp-content\/uploads\/2024\/06\/galerija-241x300.webp?strip=all&amp;lossy=1&amp;ssl=1 241w, https:\/\/emwg9vx3bei.exactdn.com\/wp-content\/uploads\/2024\/06\/galerija-768x956.webp?strip=all&amp;lossy=1&amp;ssl=1 768w, https:\/\/emwg9vx3bei.exactdn.com\/wp-content\/uploads\/2024\/06\/galerija-1234x1536.webp?strip=all&amp;lossy=1&amp;ssl=1 1234w, https:\/\/emwg9vx3bei.exactdn.com\/wp-content\/uploads\/2024\/06\/galerija-10x12.webp?strip=all&amp;lossy=1&amp;ssl=1 10w, https:\/\/emwg9vx3bei.exactdn.com\/wp-content\/uploads\/2024\/06\/galerija-600x747.webp?strip=all&amp;lossy=1&amp;ssl=1 600w, https:\/\/emwg9vx3bei.exactdn.com\/wp-content\/uploads\/2024\/06\/galerija.webp?strip=all&amp;lossy=1&amp;ssl=1 1290w, https:\/\/emwg9vx3bei.exactdn.com\/wp-content\/uploads\/2024\/06\/galerija.webp?strip=all&amp;lossy=1&amp;w=516&amp;ssl=1 516w, https:\/\/emwg9vx3bei.exactdn.com\/wp-content\/uploads\/2024\/06\/galerija.webp?strip=all&amp;lossy=1&amp;w=1032&amp;ssl=1 1032w\" sizes=\"(max-width: 823px) 100vw, 823px\" \/>\t\t\t\t\t\t\t\t\t\t\t\t\t<\/div>\n\t\t\t\t<\/div>\n\t\t\t\t\t<\/div>\n\t\t<\/div>\n\t\t\t\t<div class=\"elementor-column elementor-col-50 elementor-top-column elementor-element elementor-element-2bd1a20\" data-id=\"2bd1a20\" data-element_type=\"column\">\n\t\t\t<div class=\"elementor-widget-wrap elementor-element-populated\">\n\t\t\t\t\t\t<div class=\"elementor-element elementor-element-a3f5fbf elementor-widget elementor-widget-heading\" data-id=\"a3f5fbf\" data-element_type=\"widget\" data-widget_type=\"heading.default\">\n\t\t\t\t<div class=\"elementor-widget-container\">\n\t\t\t<h2 class=\"elementor-heading-title elementor-size-default\">Galerija Beograd<\/h2>\t\t<\/div>\n\t\t\t\t<\/div>\n\t\t\t\t<div class=\"elementor-element elementor-element-850b125 elementor-widget elementor-widget-text-editor\" data-id=\"850b125\" data-element_type=\"widget\" data-widget_type=\"text-editor.default\">\n\t\t\t\t<div class=\"elementor-widget-container\">\n\t\t\t\t\t\t\t<p>Posetite na\u0161e prodajno \u0161tand mesto u Galeriji Beograd, prvi sprat, ulica do reke.<\/p>\t\t\t\t\t\t<\/div>\n\t\t\t\t<\/div>\n\t\t\t\t\t<\/div>\n\t\t<\/div>\n\t\t\t\t\t<\/div>\n\t\t<\/section>\n\t\t\t\t<section class=\"elementor-section elementor-top-section elementor-element elementor-element-6e1bbd0 elementor-section-boxed elementor-section-height-default elementor-section-height-default\" data-id=\"6e1bbd0\" data-element_type=\"section\">\n\t\t\t\t\t\t<div class=\"elementor-container elementor-column-gap-default\">\n\t\t\t\t\t<div class=\"elementor-column elementor-col-50 elementor-top-column elementor-element elementor-element-27207e4\" data-id=\"27207e4\" data-element_type=\"column\">\n\t\t\t<div class=\"elementor-widget-wrap elementor-element-populated\">\n\t\t\t\t\t\t<div class=\"elementor-element elementor-element-f7e8e6c elementor-widget elementor-widget-heading\" data-id=\"f7e8e6c\" data-element_type=\"widget\" data-widget_type=\"heading.default\">\n\t\t\t\t<div class=\"elementor-widget-container\">\n\t\t\t<h2 class=\"elementor-heading-title elementor-size-default\">BIG FASHION Kragujevac<\/h2>\t\t<\/div>\n\t\t\t\t<\/div>\n\t\t\t\t<div class=\"elementor-element elementor-element-09a12db elementor-widget elementor-widget-text-editor\" data-id=\"09a12db\" data-element_type=\"widget\" data-widget_type=\"text-editor.default\">\n\t\t\t\t<div class=\"elementor-widget-container\">\n\t\t\t\t\t\t\t<p>Posetite na\u0161e prodajno mesto u BIG FASHION Kragujevac, glavni ulaz.<\/p>\t\t\t\t\t\t<\/div>\n\t\t\t\t<\/div>\n\t\t\t\t\t<\/div>\n\t\t<\/div>\n\t\t\t\t<div class=\"elementor-column elementor-col-50 elementor-top-column elementor-element elementor-element-b187595\" data-id=\"b187595\" data-element_type=\"column\">\n\t\t\t<div class=\"elementor-widget-wrap elementor-element-populated\">\n\t\t\t\t\t\t<div class=\"elementor-element elementor-element-b0b524d elementor-widget elementor-widget-image\" data-id=\"b0b524d\" data-element_type=\"widget\" data-widget_type=\"image.default\">\n\t\t\t\t<div class=\"elementor-widget-container\">\n\t\t\t\t\t\t\t\t\t\t\t\t\t<img decoding=\"async\" width=\"819\" height=\"1024\" src=\"https:\/\/emwg9vx3bei.exactdn.com\/wp-content\/uploads\/2024\/06\/big-819x1024.webp?strip=all&amp;lossy=1&amp;ssl=1\" class=\"attachment-large size-large wp-image-79889\" alt=\"\" srcset=\"https:\/\/emwg9vx3bei.exactdn.com\/wp-content\/uploads\/2024\/06\/big-819x1024.webp?strip=all&amp;lossy=1&amp;ssl=1 819w, https:\/\/emwg9vx3bei.exactdn.com\/wp-content\/uploads\/2024\/06\/big-240x300.webp?strip=all&amp;lossy=1&amp;ssl=1 240w, https:\/\/emwg9vx3bei.exactdn.com\/wp-content\/uploads\/2024\/06\/big-768x960.webp?strip=all&amp;lossy=1&amp;ssl=1 768w, https:\/\/emwg9vx3bei.exactdn.com\/wp-content\/uploads\/2024\/06\/big-1229x1536.webp?strip=all&amp;lossy=1&amp;ssl=1 1229w, https:\/\/emwg9vx3bei.exactdn.com\/wp-content\/uploads\/2024\/06\/big-10x12.webp?strip=all&amp;lossy=1&amp;ssl=1 10w, https:\/\/emwg9vx3bei.exactdn.com\/wp-content\/uploads\/2024\/06\/big-600x750.webp?strip=all&amp;lossy=1&amp;ssl=1 600w, https:\/\/emwg9vx3bei.exactdn.com\/wp-content\/uploads\/2024\/06\/big.webp?strip=all&amp;lossy=1&amp;ssl=1 1536w, https:\/\/emwg9vx3bei.exactdn.com\/wp-content\/uploads\/2024\/06\/big.webp?strip=all&amp;lossy=1&amp;w=307&amp;ssl=1 307w, https:\/\/emwg9vx3bei.exactdn.com\/wp-content\/uploads\/2024\/06\/big.webp?strip=all&amp;lossy=1&amp;w=921&amp;ssl=1 921w\" sizes=\"(max-width: 819px) 100vw, 819px\" \/>\t\t\t\t\t\t\t\t\t\t\t\t\t<\/div>\n\t\t\t\t<\/div>\n\t\t\t\t\t<\/div>\n\t\t<\/div>\n\t\t\t\t\t<\/div>\n\t\t<\/section>\n\t\t\t\t<section class=\"elementor-section elementor-top-section elementor-element elementor-element-cbd390d elementor-reverse-mobile elementor-section-boxed elementor-section-height-default elementor-section-height-default\" data-id=\"cbd390d\" data-element_type=\"section\">\n\t\t\t\t\t\t<div class=\"elementor-container elementor-column-gap-default\">\n\t\t\t\t\t<div class=\"elementor-column elementor-col-50 elementor-top-column elementor-element elementor-element-9f6f869\" data-id=\"9f6f869\" data-element_type=\"column\">\n\t\t\t<div class=\"elementor-widget-wrap elementor-element-populated\">\n\t\t\t\t\t\t<div class=\"elementor-element elementor-element-3ede90d elementor-widget elementor-widget-image\" data-id=\"3ede90d\" data-element_type=\"widget\" data-widget_type=\"image.default\">\n\t\t\t\t<div class=\"elementor-widget-container\">\n\t\t\t\t\t\t\t\t\t\t\t\t\t<img decoding=\"async\" width=\"768\" height=\"1024\" src=\"https:\/\/emwg9vx3bei.exactdn.com\/wp-content\/uploads\/2025\/06\/Monro-Big-Fashion-Karaburma-768x1024.jpg?strip=all&amp;lossy=1&amp;ssl=1\" class=\"attachment-large size-large wp-image-86710\" alt=\"\" srcset=\"https:\/\/emwg9vx3bei.exactdn.com\/wp-content\/uploads\/2025\/06\/Monro-Big-Fashion-Karaburma-768x1024.jpg?strip=all&amp;lossy=1&amp;ssl=1 768w, https:\/\/emwg9vx3bei.exactdn.com\/wp-content\/uploads\/2025\/06\/Monro-Big-Fashion-Karaburma-225x300.jpg?strip=all&amp;lossy=1&amp;ssl=1 225w, https:\/\/emwg9vx3bei.exactdn.com\/wp-content\/uploads\/2025\/06\/Monro-Big-Fashion-Karaburma-1152x1536.jpg?strip=all&amp;lossy=1&amp;ssl=1 1152w, https:\/\/emwg9vx3bei.exactdn.com\/wp-content\/uploads\/2025\/06\/Monro-Big-Fashion-Karaburma-9x12.jpg?strip=all&amp;lossy=1&amp;ssl=1 9w, https:\/\/emwg9vx3bei.exactdn.com\/wp-content\/uploads\/2025\/06\/Monro-Big-Fashion-Karaburma-600x800.jpg?strip=all&amp;lossy=1&amp;ssl=1 600w, https:\/\/emwg9vx3bei.exactdn.com\/wp-content\/uploads\/2025\/06\/Monro-Big-Fashion-Karaburma.jpg?strip=all&amp;lossy=1&amp;ssl=1 1200w, https:\/\/emwg9vx3bei.exactdn.com\/wp-content\/uploads\/2025\/06\/Monro-Big-Fashion-Karaburma.jpg?strip=all&amp;lossy=1&amp;w=480&amp;ssl=1 480w, https:\/\/emwg9vx3bei.exactdn.com\/wp-content\/uploads\/2025\/06\/Monro-Big-Fashion-Karaburma.jpg?strip=all&amp;lossy=1&amp;w=960&amp;ssl=1 960w\" sizes=\"(max-width: 768px) 100vw, 768px\" \/>\t\t\t\t\t\t\t\t\t\t\t\t\t<\/div>\n\t\t\t\t<\/div>\n\t\t\t\t\t<\/div>\n\t\t<\/div>\n\t\t\t\t<div class=\"elementor-column elementor-col-50 elementor-top-column elementor-element elementor-element-775203a\" data-id=\"775203a\" data-element_type=\"column\">\n\t\t\t<div class=\"elementor-widget-wrap elementor-element-populated\">\n\t\t\t\t\t\t<div class=\"elementor-element elementor-element-1b2a76a elementor-widget elementor-widget-heading\" data-id=\"1b2a76a\" data-element_type=\"widget\" data-widget_type=\"heading.default\">\n\t\t\t\t<div class=\"elementor-widget-container\">\n\t\t\t<h2 class=\"elementor-heading-title elementor-size-default\">Big Fashion Karaburma<\/h2>\t\t<\/div>\n\t\t\t\t<\/div>\n\t\t\t\t<div class=\"elementor-element elementor-element-cc6e054 elementor-widget elementor-widget-text-editor\" data-id=\"cc6e054\" data-element_type=\"widget\" data-widget_type=\"text-editor.default\">\n\t\t\t\t<div class=\"elementor-widget-container\">\n\t\t\t\t\t\t\t<p>Posetite na\u0161e prodajno \u0161tand mesto u BIG FASHION Beograd, Vi\u0161nji\u010dka 84, prvi sprat<\/p>\t\t\t\t\t\t<\/div>\n\t\t\t\t<\/div>\n\t\t\t\t\t<\/div>\n\t\t<\/div>\n\t\t\t\t\t<\/div>\n\t\t<\/section>\n\t\t\t\t<section class=\"elementor-section elementor-top-section elementor-element elementor-element-8ee013c elementor-section-boxed elementor-section-height-default elementor-section-height-default\" data-id=\"8ee013c\" data-element_type=\"section\">\n\t\t\t\t\t\t<div class=\"elementor-container elementor-column-gap-default\">\n\t\t\t\t\t<div class=\"elementor-column elementor-col-50 elementor-top-column elementor-element elementor-element-72b9c2c\" data-id=\"72b9c2c\" data-element_type=\"column\">\n\t\t\t<div class=\"elementor-widget-wrap elementor-element-populated\">\n\t\t\t\t\t\t<div class=\"elementor-element elementor-element-036c1fb elementor-widget elementor-widget-heading\" data-id=\"036c1fb\" data-element_type=\"widget\" data-widget_type=\"heading.default\">\n\t\t\t\t<div class=\"elementor-widget-container\">\n\t\t\t<h2 class=\"elementor-heading-title elementor-size-default\">BIG FASHION Novi Sad<\/h2>\t\t<\/div>\n\t\t\t\t<\/div>\n\t\t\t\t<div class=\"elementor-element elementor-element-7e6c023 elementor-widget elementor-widget-text-editor\" data-id=\"7e6c023\" data-element_type=\"widget\" data-widget_type=\"text-editor.default\">\n\t\t\t\t<div class=\"elementor-widget-container\">\n\t\t\t\t\t\t\t<p>Posetite na\u0161e prodajno mesto u Novom Sadu. Bulevar Oslobodjenja 119, sprat -1.<\/p>\t\t\t\t\t\t<\/div>\n\t\t\t\t<\/div>\n\t\t\t\t\t<\/div>\n\t\t<\/div>\n\t\t\t\t<div class=\"elementor-column elementor-col-50 elementor-top-column elementor-element elementor-element-8877f01\" data-id=\"8877f01\" data-element_type=\"column\">\n\t\t\t<div class=\"elementor-widget-wrap elementor-element-populated\">\n\t\t\t\t\t\t<div class=\"elementor-element elementor-element-e9f13a4 elementor-widget elementor-widget-image\" data-id=\"e9f13a4\" data-element_type=\"widget\" data-widget_type=\"image.default\">\n\t\t\t\t<div class=\"elementor-widget-container\">\n\t\t\t\t\t\t\t\t\t\t\t\t\t<img loading=\"lazy\" decoding=\"async\" width=\"907\" height=\"1024\" src=\"https:\/\/emwg9vx3bei.exactdn.com\/wp-content\/uploads\/2026\/03\/monro-novi-sad-1-907x1024.webp?strip=all&amp;lossy=1&amp;ssl=1\" class=\"attachment-large size-large wp-image-91941\" alt=\"\" srcset=\"https:\/\/emwg9vx3bei.exactdn.com\/wp-content\/uploads\/2026\/03\/monro-novi-sad-1-907x1024.webp?strip=all&amp;lossy=1&amp;ssl=1 907w, https:\/\/emwg9vx3bei.exactdn.com\/wp-content\/uploads\/2026\/03\/monro-novi-sad-1-266x300.webp?strip=all&amp;lossy=1&amp;ssl=1 266w, https:\/\/emwg9vx3bei.exactdn.com\/wp-content\/uploads\/2026\/03\/monro-novi-sad-1-768x867.webp?strip=all&amp;lossy=1&amp;ssl=1 768w, https:\/\/emwg9vx3bei.exactdn.com\/wp-content\/uploads\/2026\/03\/monro-novi-sad-1-11x12.webp?strip=all&amp;lossy=1&amp;ssl=1 11w, https:\/\/emwg9vx3bei.exactdn.com\/wp-content\/uploads\/2026\/03\/monro-novi-sad-1-600x678.webp?strip=all&amp;lossy=1&amp;ssl=1 600w, https:\/\/emwg9vx3bei.exactdn.com\/wp-content\/uploads\/2026\/03\/monro-novi-sad-1.webp?strip=all&amp;lossy=1&amp;ssl=1 1313w, https:\/\/emwg9vx3bei.exactdn.com\/wp-content\/uploads\/2026\/03\/monro-novi-sad-1.webp?strip=all&amp;lossy=1&amp;w=525&amp;ssl=1 525w, https:\/\/emwg9vx3bei.exactdn.com\/wp-content\/uploads\/2026\/03\/monro-novi-sad-1.webp?strip=all&amp;lossy=1&amp;w=1050&amp;ssl=1 1050w\" sizes=\"(max-width: 907px) 100vw, 907px\" \/>\t\t\t\t\t\t\t\t\t\t\t\t\t<\/div>\n\t\t\t\t<\/div>\n\t\t\t\t\t<\/div>\n\t\t<\/div>\n\t\t\t\t\t<\/div>\n\t\t<\/section>\n\t\t\t\t<\/div>","protected":false},"excerpt":{"rendered":"<p>LOKACIJE Galerija Beograd Posetite na\u0161e prodajno \u0161tand mesto u Galeriji Beograd, prvi sprat, ulica do reke. BIG FASHION Kragujevac Posetite na\u0161e prodajno mesto u BIG FASHION Kragujevac, glavni ulaz. Big Fashion Karaburma Posetite na\u0161e prodajno \u0161tand mesto u BIG FASHION Beograd, Vi\u0161nji\u010dka 84, prvi sprat BIG FASHION Novi Sad Posetite na\u0161e prodajno mesto u Novom [&hellip;]<\/p>","protected":false},"author":2,"featured_media":0,"parent":0,"menu_order":0,"comment_status":"closed","ping_status":"closed","template":"elementor_header_footer","meta":{"content-type":"","_monsterinsights_skip_tracking":false,"_monsterinsights_sitenote_active":false,"_monsterinsights_sitenote_note":"","_monsterinsights_sitenote_category":0,"footnotes":""},"yoast_head":"<!-- This site is optimized with the Yoast SEO plugin v22.6 - https:\/\/yoast.com\/wordpress\/plugins\/seo\/ -->\n<title>Lokacije - Monro<\/title>\n<meta name=\"robots\" content=\"index, follow, max-snippet:-1, max-image-preview:large, max-video-preview:-1\" \/>\n<link rel=\"canonical\" href=\"https:\/\/monro.rs\/en\/lokacije\/\" \/>\n<meta property=\"og:locale\" content=\"en_GB\" \/>\n<meta property=\"og:type\" content=\"article\" \/>\n<meta property=\"og:title\" content=\"Lokacije - Monro\" \/>\n<meta property=\"og:description\" content=\"LOKACIJE Galerija Beograd Posetite na\u0161e prodajno \u0161tand mesto u Galeriji Beograd, prvi sprat, ulica do reke. BIG FASHION Kragujevac Posetite na\u0161e prodajno mesto u BIG FASHION Kragujevac, glavni ulaz. Big Fashion Karaburma Posetite na\u0161e prodajno \u0161tand mesto u BIG FASHION Beograd, Vi\u0161nji\u010dka 84, prvi sprat BIG FASHION Novi Sad Posetite na\u0161e prodajno mesto u Novom [&hellip;]\" \/>\n<meta property=\"og:url\" content=\"https:\/\/monro.rs\/en\/lokacije\/\" \/>\n<meta property=\"og:site_name\" content=\"Monro\" \/>\n<meta property=\"article:publisher\" content=\"https:\/\/m.facebook.com\/monromonro.rs\/\" \/>\n<meta property=\"article:modified_time\" content=\"2026-03-15T23:24:40+00:00\" \/>\n<meta property=\"og:image\" content=\"https:\/\/monro.rs\/wp-content\/uploads\/2024\/06\/galerija-823x1024.webp\" \/>\n<meta name=\"twitter:card\" content=\"summary_large_image\" \/>\n<meta name=\"twitter:label1\" content=\"Estimated reading time\" \/>\n\t<meta name=\"twitter:data1\" content=\"2 minutes\" \/>\n<script type=\"application\/ld+json\" class=\"yoast-schema-graph\">{\"@context\":\"https:\/\/schema.org\",\"@graph\":[{\"@type\":\"WebPage\",\"@id\":\"https:\/\/monro.rs\/lokacije\/\",\"url\":\"https:\/\/monro.rs\/lokacije\/\",\"name\":\"Lokacije - Monro\",\"isPartOf\":{\"@id\":\"https:\/\/monro.rs\/#website\"},\"primaryImageOfPage\":{\"@id\":\"https:\/\/monro.rs\/lokacije\/#primaryimage\"},\"image\":{\"@id\":\"https:\/\/monro.rs\/lokacije\/#primaryimage\"},\"thumbnailUrl\":\"https:\/\/monro.rs\/wp-content\/uploads\/2024\/06\/galerija-823x1024.webp\",\"datePublished\":\"2024-06-19T09:57:45+00:00\",\"dateModified\":\"2026-03-15T23:24:40+00:00\",\"breadcrumb\":{\"@id\":\"https:\/\/monro.rs\/lokacije\/#breadcrumb\"},\"inLanguage\":\"en-GB\",\"potentialAction\":[{\"@type\":\"ReadAction\",\"target\":[\"https:\/\/monro.rs\/lokacije\/\"]}]},{\"@type\":\"ImageObject\",\"inLanguage\":\"en-GB\",\"@id\":\"https:\/\/monro.rs\/lokacije\/#primaryimage\",\"url\":\"https:\/\/monro.rs\/wp-content\/uploads\/2024\/06\/galerija-823x1024.webp\",\"contentUrl\":\"https:\/\/monro.rs\/wp-content\/uploads\/2024\/06\/galerija-823x1024.webp\"},{\"@type\":\"BreadcrumbList\",\"@id\":\"https:\/\/monro.rs\/lokacije\/#breadcrumb\",\"itemListElement\":[{\"@type\":\"ListItem\",\"position\":1,\"name\":\"\u041f\u043e\u0447\u0435\u0442\u043d\u0430\",\"item\":\"https:\/\/monro.rs\/\"},{\"@type\":\"ListItem\",\"position\":2,\"name\":\"Lokacije\"}]},{\"@type\":\"WebSite\",\"@id\":\"https:\/\/monro.rs\/#website\",\"url\":\"https:\/\/monro.rs\/\",\"name\":\"Monro\",\"description\":\"\",\"publisher\":{\"@id\":\"https:\/\/monro.rs\/#organization\"},\"potentialAction\":[{\"@type\":\"SearchAction\",\"target\":{\"@type\":\"EntryPoint\",\"urlTemplate\":\"https:\/\/monro.rs\/?s={search_term_string}\"},\"query-input\":\"required name=search_term_string\"}],\"inLanguage\":\"en-GB\"},{\"@type\":\"Organization\",\"@id\":\"https:\/\/monro.rs\/#organization\",\"name\":\"Monro.rs\",\"url\":\"https:\/\/monro.rs\/\",\"logo\":{\"@type\":\"ImageObject\",\"inLanguage\":\"en-GB\",\"@id\":\"https:\/\/monro.rs\/#\/schema\/logo\/image\/\",\"url\":\"https:\/\/monro.rs\/wp-content\/uploads\/2022\/09\/97E1FAC5-8E56-4749-9E6F-8EB1B14949AD.jpeg\",\"contentUrl\":\"https:\/\/monro.rs\/wp-content\/uploads\/2022\/09\/97E1FAC5-8E56-4749-9E6F-8EB1B14949AD.jpeg\",\"width\":1242,\"height\":1204,\"caption\":\"Monro.rs\"},\"image\":{\"@id\":\"https:\/\/monro.rs\/#\/schema\/logo\/image\/\"},\"sameAs\":[\"https:\/\/m.facebook.com\/monromonro.rs\/\",\"https:\/\/www.instagram.com\/monro.rs\/?hl=en\"]}]}<\/script>\n<!-- \/ Yoast SEO plugin. -->","yoast_head_json":{"title":"Lokacije - Monro","robots":{"index":"index","follow":"follow","max-snippet":"max-snippet:-1","max-image-preview":"max-image-preview:large","max-video-preview":"max-video-preview:-1"},"canonical":"https:\/\/monro.rs\/en\/lokacije\/","og_locale":"en_GB","og_type":"article","og_title":"Lokacije - Monro","og_description":"LOKACIJE Galerija Beograd Posetite na\u0161e prodajno \u0161tand mesto u Galeriji Beograd, prvi sprat, ulica do reke. BIG FASHION Kragujevac Posetite na\u0161e prodajno mesto u BIG FASHION Kragujevac, glavni ulaz. Big Fashion Karaburma Posetite na\u0161e prodajno \u0161tand mesto u BIG FASHION Beograd, Vi\u0161nji\u010dka 84, prvi sprat BIG FASHION Novi Sad Posetite na\u0161e prodajno mesto u Novom [&hellip;]","og_url":"https:\/\/monro.rs\/en\/lokacije\/","og_site_name":"Monro","article_publisher":"https:\/\/m.facebook.com\/monromonro.rs\/","article_modified_time":"2026-03-15T23:24:40+00:00","og_image":[{"url":"https:\/\/monro.rs\/wp-content\/uploads\/2024\/06\/galerija-823x1024.webp"}],"twitter_card":"summary_large_image","twitter_misc":{"Estimated reading time":"2 minutes"},"schema":{"@context":"https:\/\/schema.org","@graph":[{"@type":"WebPage","@id":"https:\/\/monro.rs\/lokacije\/","url":"https:\/\/monro.rs\/lokacije\/","name":"Lokacije - Monro","isPartOf":{"@id":"https:\/\/monro.rs\/#website"},"primaryImageOfPage":{"@id":"https:\/\/monro.rs\/lokacije\/#primaryimage"},"image":{"@id":"https:\/\/monro.rs\/lokacije\/#primaryimage"},"thumbnailUrl":"https:\/\/monro.rs\/wp-content\/uploads\/2024\/06\/galerija-823x1024.webp","datePublished":"2024-06-19T09:57:45+00:00","dateModified":"2026-03-15T23:24:40+00:00","breadcrumb":{"@id":"https:\/\/monro.rs\/lokacije\/#breadcrumb"},"inLanguage":"en-GB","potentialAction":[{"@type":"ReadAction","target":["https:\/\/monro.rs\/lokacije\/"]}]},{"@type":"ImageObject","inLanguage":"en-GB","@id":"https:\/\/monro.rs\/lokacije\/#primaryimage","url":"https:\/\/monro.rs\/wp-content\/uploads\/2024\/06\/galerija-823x1024.webp","contentUrl":"https:\/\/monro.rs\/wp-content\/uploads\/2024\/06\/galerija-823x1024.webp"},{"@type":"BreadcrumbList","@id":"https:\/\/monro.rs\/lokacije\/#breadcrumb","itemListElement":[{"@type":"ListItem","position":1,"name":"\u041f\u043e\u0447\u0435\u0442\u043d\u0430","item":"https:\/\/monro.rs\/"},{"@type":"ListItem","position":2,"name":"Lokacije"}]},{"@type":"WebSite","@id":"https:\/\/monro.rs\/#website","url":"https:\/\/monro.rs\/","name":"Monro","description":"","publisher":{"@id":"https:\/\/monro.rs\/#organization"},"potentialAction":[{"@type":"SearchAction","target":{"@type":"EntryPoint","urlTemplate":"https:\/\/monro.rs\/?s={search_term_string}"},"query-input":"required name=search_term_string"}],"inLanguage":"en-GB"},{"@type":"Organization","@id":"https:\/\/monro.rs\/#organization","name":"Monro.rs","url":"https:\/\/monro.rs\/","logo":{"@type":"ImageObject","inLanguage":"en-GB","@id":"https:\/\/monro.rs\/#\/schema\/logo\/image\/","url":"https:\/\/monro.rs\/wp-content\/uploads\/2022\/09\/97E1FAC5-8E56-4749-9E6F-8EB1B14949AD.jpeg","contentUrl":"https:\/\/monro.rs\/wp-content\/uploads\/2022\/09\/97E1FAC5-8E56-4749-9E6F-8EB1B14949AD.jpeg","width":1242,"height":1204,"caption":"Monro.rs"},"image":{"@id":"https:\/\/monro.rs\/#\/schema\/logo\/image\/"},"sameAs":["https:\/\/m.facebook.com\/monromonro.rs\/","https:\/\/www.instagram.com\/monro.rs\/?hl=en"]}]}},"_links":{"self":[{"href":"https:\/\/monro.rs\/en\/wp-json\/wp\/v2\/pages\/79886"}],"collection":[{"href":"https:\/\/monro.rs\/en\/wp-json\/wp\/v2\/pages"}],"about":[{"href":"https:\/\/monro.rs\/en\/wp-json\/wp\/v2\/types\/page"}],"author":[{"embeddable":true,"href":"https:\/\/monro.rs\/en\/wp-json\/wp\/v2\/users\/2"}],"replies":[{"embeddable":true,"href":"https:\/\/monro.rs\/en\/wp-json\/wp\/v2\/comments?post=79886"}],"version-history":[{"count":19,"href":"https:\/\/monro.rs\/en\/wp-json\/wp\/v2\/pages\/79886\/revisions"}],"predecessor-version":[{"id":91944,"href":"https:\/\/monro.rs\/en\/wp-json\/wp\/v2\/pages\/79886\/revisions\/91944"}],"wp:attachment":[{"href":"https:\/\/monro.rs\/en\/wp-json\/wp\/v2\/media?parent=79886"}],"curies":[{"name":"wp","href":"https:\/\/api.w.org\/{rel}","templated":true}]}}