{"id":78992,"date":"2024-05-21T22:15:11","date_gmt":"2024-05-21T22:15:11","guid":{"rendered":"https:\/\/monro.rs\/?page_id=78992"},"modified":"2024-05-21T22:24:10","modified_gmt":"2024-05-21T22:24:10","slug":"kontakt","status":"publish","type":"page","link":"https:\/\/monro.rs\/en\/kontakt\/","title":{"rendered":"Contact"},"content":{"rendered":"<div data-elementor-type=\"wp-page\" data-elementor-id=\"78992\" class=\"elementor elementor-78992\" data-elementor-post-type=\"page\">\n\t\t\t\t\t\t<section class=\"elementor-section elementor-top-section elementor-element elementor-element-7416d5d elementor-section-full_width elementor-section-height-min-height elementor-section-stretched elementor-section-height-default elementor-section-items-middle\" data-id=\"7416d5d\" data-element_type=\"section\" data-settings=\"{&quot;stretch_section&quot;:&quot;section-stretched&quot;,&quot;background_background&quot;:&quot;classic&quot;}\">\n\t\t\t\t\t\t\t<div class=\"elementor-background-overlay\"><\/div>\n\t\t\t\t\t\t\t<div class=\"elementor-container elementor-column-gap-default\">\n\t\t\t\t\t<div class=\"elementor-column elementor-col-100 elementor-top-column elementor-element elementor-element-3919bd0\" data-id=\"3919bd0\" data-element_type=\"column\">\n\t\t\t<div class=\"elementor-widget-wrap elementor-element-populated\">\n\t\t\t\t\t\t<div class=\"elementor-element elementor-element-94b1081 elementor-widget elementor-widget-heading\" data-id=\"94b1081\" data-element_type=\"widget\" data-widget_type=\"heading.default\">\n\t\t\t\t<div class=\"elementor-widget-container\">\n\t\t\t<h2 class=\"elementor-heading-title elementor-size-default\">CONTACT US<\/h2>\t\t<\/div>\n\t\t\t\t<\/div>\n\t\t\t\t\t<\/div>\n\t\t<\/div>\n\t\t\t\t\t<\/div>\n\t\t<\/section>\n\t\t\t\t<section class=\"elementor-section elementor-top-section elementor-element elementor-element-88136ad elementor-section-boxed elementor-section-height-default elementor-section-height-default\" data-id=\"88136ad\" data-element_type=\"section\">\n\t\t\t\t\t\t<div class=\"elementor-container elementor-column-gap-default\">\n\t\t\t\t\t<div class=\"elementor-column elementor-col-50 elementor-top-column elementor-element elementor-element-412856b\" data-id=\"412856b\" data-element_type=\"column\">\n\t\t\t<div class=\"elementor-widget-wrap elementor-element-populated\">\n\t\t\t\t\t\t<div class=\"elementor-element elementor-element-8623d69 elementor-widget elementor-widget-heading\" data-id=\"8623d69\" data-element_type=\"widget\" data-widget_type=\"heading.default\">\n\t\t\t\t<div class=\"elementor-widget-container\">\n\t\t\t<h2 class=\"elementor-heading-title elementor-size-default\">MONRO<\/h2>\t\t<\/div>\n\t\t\t\t<\/div>\n\t\t\t\t<div class=\"elementor-element elementor-element-10b2077 elementor-widget elementor-widget-heading\" data-id=\"10b2077\" data-element_type=\"widget\" data-widget_type=\"heading.default\">\n\t\t\t\t<div class=\"elementor-widget-container\">\n\t\t\t<h2 class=\"elementor-heading-title elementor-size-default\">LET'S CONNECT!<\/h2>\t\t<\/div>\n\t\t\t\t<\/div>\n\t\t\t\t<div class=\"elementor-element elementor-element-ce9e689 elementor-widget elementor-widget-text-editor\" data-id=\"ce9e689\" data-element_type=\"widget\" data-widget_type=\"text-editor.default\">\n\t\t\t\t<div class=\"elementor-widget-container\">\n\t\t\t\t\t\t\t<p>Welcome to the Monro.rs contact page - your favorite destination for top style and fashion elegance. Our team is here to provide you with seamless support and answer any questions you may have.<\/p><p>Contact us using the form below or call us directly or send us an e-mail. We look forward to your contact and the opportunity to help you shine at every opportunity!<\/p>\t\t\t\t\t\t<\/div>\n\t\t\t\t<\/div>\n\t\t\t\t<div class=\"elementor-element elementor-element-a5d9ab6 elementor-widget elementor-widget-heading\" data-id=\"a5d9ab6\" data-element_type=\"widget\" data-widget_type=\"heading.default\">\n\t\t\t\t<div class=\"elementor-widget-container\">\n\t\t\t<h2 class=\"elementor-heading-title elementor-size-default\">The social network<\/h2>\t\t<\/div>\n\t\t\t\t<\/div>\n\t\t\t\t<div class=\"elementor-element elementor-element-dd99bdf e-grid-align-left elementor-shape-rounded elementor-grid-0 elementor-widget elementor-widget-social-icons\" data-id=\"dd99bdf\" data-element_type=\"widget\" data-widget_type=\"social-icons.default\">\n\t\t\t\t<div class=\"elementor-widget-container\">\n\t\t\t\t\t<div class=\"elementor-social-icons-wrapper elementor-grid\">\n\t\t\t\t\t\t\t<span class=\"elementor-grid-item\">\n\t\t\t\t\t<a class=\"elementor-icon elementor-social-icon elementor-social-icon-facebook elementor-repeater-item-bc128bf\" href=\"https:\/\/www.facebook.com\/monroonlinee\" target=\"_blank\">\n\t\t\t\t\t\t<span class=\"elementor-screen-only\">Facebook<\/span>\n\t\t\t\t\t\t<svg class=\"e-font-icon-svg e-fab-facebook\" viewbox=\"0 0 512 512\" xmlns=\"http:\/\/www.w3.org\/2000\/svg\"><path d=\"M504 256C504 119 393 8 256 8S8 119 8 256c0 123.78 90.69 226.38 209.25 245V327.69h-63V256h63v-54.64c0-62.15 37-96.48 93.67-96.48 27.14 0 55.52 4.84 55.52 4.84v61h-31.28c-30.8 0-40.41 19.12-40.41 38.73V256h68.78l-11 71.69h-57.78V501C413.31 482.38 504 379.78 504 256z\"><\/path><\/svg>\t\t\t\t\t<\/a>\n\t\t\t\t<\/span>\n\t\t\t\t\t\t\t<span class=\"elementor-grid-item\">\n\t\t\t\t\t<a class=\"elementor-icon elementor-social-icon elementor-social-icon-instagram elementor-repeater-item-242f6c9\" href=\"https:\/\/www.instagram.com\/monro.rs\/\" target=\"_blank\">\n\t\t\t\t\t\t<span class=\"elementor-screen-only\">Instagram<\/span>\n\t\t\t\t\t\t<svg class=\"e-font-icon-svg e-fab-instagram\" viewbox=\"0 0 448 512\" xmlns=\"http:\/\/www.w3.org\/2000\/svg\"><path d=\"M224.1 141c-63.6 0-114.9 51.3-114.9 114.9s51.3 114.9 114.9 114.9S339 319.5 339 255.9 287.7 141 224.1 141zm0 189.6c-41.1 0-74.7-33.5-74.7-74.7s33.5-74.7 74.7-74.7 74.7 33.5 74.7 74.7-33.6 74.7-74.7 74.7zm146.4-194.3c0 14.9-12 26.8-26.8 26.8-14.9 0-26.8-12-26.8-26.8s12-26.8 26.8-26.8 26.8 12 26.8 26.8zm76.1 27.2c-1.7-35.9-9.9-67.7-36.2-93.9-26.2-26.2-58-34.4-93.9-36.2-37-2.1-147.9-2.1-184.9 0-35.8 1.7-67.6 9.9-93.9 36.1s-34.4 58-36.2 93.9c-2.1 37-2.1 147.9 0 184.9 1.7 35.9 9.9 67.7 36.2 93.9s58 34.4 93.9 36.2c37 2.1 147.9 2.1 184.9 0 35.9-1.7 67.7-9.9 93.9-36.2 26.2-26.2 34.4-58 36.2-93.9 2.1-37 2.1-147.8 0-184.8zM398.8 388c-7.8 19.6-22.9 34.7-42.6 42.6-29.5 11.7-99.5 9-132.1 9s-102.7 2.6-132.1-9c-19.6-7.8-34.7-22.9-42.6-42.6-11.7-29.5-9-99.5-9-132.1s-2.6-102.7 9-132.1c7.8-19.6 22.9-34.7 42.6-42.6 29.5-11.7 99.5-9 132.1-9s102.7-2.6 132.1 9c19.6 7.8 34.7 22.9 42.6 42.6 11.7 29.5 9 99.5 9 132.1s2.7 102.7-9 132.1z\"><\/path><\/svg>\t\t\t\t\t<\/a>\n\t\t\t\t<\/span>\n\t\t\t\t\t<\/div>\n\t\t\t\t<\/div>\n\t\t\t\t<\/div>\n\t\t\t\t<div class=\"elementor-element elementor-element-7a865c7 elementor-widget elementor-widget-heading\" data-id=\"7a865c7\" data-element_type=\"widget\" data-widget_type=\"heading.default\">\n\t\t\t\t<div class=\"elementor-widget-container\">\n\t\t\t<h2 class=\"elementor-heading-title elementor-size-default\">Email: info@monro.rs<\/h2>\t\t<\/div>\n\t\t\t\t<\/div>\n\t\t\t\t\t<\/div>\n\t\t<\/div>\n\t\t\t\t<div class=\"elementor-column elementor-col-50 elementor-top-column elementor-element elementor-element-e9594d1\" data-id=\"e9594d1\" data-element_type=\"column\">\n\t\t\t<div class=\"elementor-widget-wrap elementor-element-populated\">\n\t\t\t\t\t\t<div class=\"elementor-element elementor-element-d378fb9 elementor-widget elementor-widget-heading\" data-id=\"d378fb9\" data-element_type=\"widget\" data-widget_type=\"heading.default\">\n\t\t\t\t<div class=\"elementor-widget-container\">\n\t\t\t<h2 class=\"elementor-heading-title elementor-size-default\">Contact Us<\/h2>\t\t<\/div>\n\t\t\t\t<\/div>\n\t\t\t\t<div class=\"elementor-element elementor-element-4931be1 elementor-widget elementor-widget-shortcode\" data-id=\"4931be1\" data-element_type=\"widget\" data-widget_type=\"shortcode.default\">\n\t\t\t\t<div class=\"elementor-widget-container\">\n\t\t\t\t\t<div class=\"elementor-shortcode\">\n<div class=\"wpcf7 no-js\" id=\"wpcf7-f181-o1\" lang=\"en-US\" dir=\"ltr\">\n<div class=\"screen-reader-response\"><p role=\"status\" aria-live=\"polite\" aria-atomic=\"true\"><\/p> <ul><\/ul><\/div>\n<form action=\"\/en\/wp-json\/wp\/v2\/pages\/78992#wpcf7-f181-o1\" method=\"post\" class=\"wpcf7-form init\" aria-label=\"Contact form\" novalidate=\"novalidate\" data-status=\"init\" data-trp-original-action=\"\/en\/wp-json\/wp\/v2\/pages\/78992#wpcf7-f181-o1\">\n<div style=\"display: none;\">\n<input type=\"hidden\" name=\"_wpcf7\" value=\"181\" \/>\n<input type=\"hidden\" name=\"_wpcf7_version\" value=\"5.9.8\" \/>\n<input type=\"hidden\" name=\"_wpcf7_locale\" value=\"en_US\" \/>\n<input type=\"hidden\" name=\"_wpcf7_unit_tag\" value=\"wpcf7-f181-o1\" \/>\n<input type=\"hidden\" name=\"_wpcf7_container_post\" value=\"0\" \/>\n<input type=\"hidden\" name=\"_wpcf7_posted_data_hash\" value=\"\" \/>\n<\/div>\n<p><label> Name*<br \/>\n<span class=\"wpcf7-form-control-wrap\" data-name=\"your-name\"><input size=\"40\" maxlength=\"400\" class=\"wpcf7-form-control wpcf7-text wpcf7-validates-as-required\" aria-required=\"true\" aria-invalid=\"false\" value=\"\" type=\"text\" name=\"your-name\" \/><\/span> <\/label>\n<\/p>\n<p><label> Email*<br \/>\n<span class=\"wpcf7-form-control-wrap\" data-name=\"your-email\"><input size=\"40\" maxlength=\"400\" class=\"wpcf7-form-control wpcf7-email wpcf7-validates-as-required wpcf7-text wpcf7-validates-as-email\" aria-required=\"true\" aria-invalid=\"false\" value=\"\" type=\"email\" name=\"your-email\" \/><\/span> <\/label>\n<\/p>\n<p><label> Subject<br \/>\n<span class=\"wpcf7-form-control-wrap\" data-name=\"your-subject\"><input size=\"40\" maxlength=\"400\" class=\"wpcf7-form-control wpcf7-text\" aria-invalid=\"false\" value=\"\" type=\"text\" name=\"your-subject\" \/><\/span> <\/label>\n<\/p>\n<p><label> Message<br \/>\n<span class=\"wpcf7-form-control-wrap\" data-name=\"your-message\"><textarea cols=\"40\" rows=\"10\" maxlength=\"2000\" class=\"wpcf7-form-control wpcf7-textarea\" aria-invalid=\"false\" name=\"your-message\"><\/textarea><\/span> <\/label>\n<\/p>\n<p><input class=\"wpcf7-form-control wpcf7-submit has-spinner\" type=\"submit\" value=\"Send\" \/>\n<\/p><div class=\"wpcf7-response-output\" aria-hidden=\"true\"><\/div>\n<input type=\"hidden\" name=\"trp-form-language\" value=\"en\"\/><\/form>\n<\/div>\n<\/div>\n\t\t\t\t<\/div>\n\t\t\t\t<\/div>\n\t\t\t\t\t<\/div>\n\t\t<\/div>\n\t\t\t\t\t<\/div>\n\t\t<\/section>\n\t\t\t\t<\/div>","protected":false},"excerpt":{"rendered":"<p>KONTAKT MONRO POVE\u017dIMO SE! Dobrodo\u0161li na kontakt stranicu Monro.rs \u2013 va\u0161eg omiljenog odredi\u0161ta za vrhunski stil i modnu eleganciju. Na\u0161 tim je tu da vam pru\u017ei besprekornu podr\u0161ku i odgovori na sva pitanja koja imate. Kontaktirajte nas putem forme ispod ili nas direktno pozovite ili po\u0161aljite e-mail. Radujemo se va\u0161em kontaktu i prilici da vam [&hellip;]<\/p>","protected":false},"author":2,"featured_media":0,"parent":0,"menu_order":0,"comment_status":"closed","ping_status":"closed","template":"elementor_header_footer","meta":{"content-type":"","_monsterinsights_skip_tracking":false,"_monsterinsights_sitenote_active":false,"_monsterinsights_sitenote_note":"","_monsterinsights_sitenote_category":0,"footnotes":""},"yoast_head":"<!-- This site is optimized with the Yoast SEO plugin v22.6 - https:\/\/yoast.com\/wordpress\/plugins\/seo\/ -->\n<title>Kontakt - Monro<\/title>\n<meta name=\"robots\" content=\"index, follow, max-snippet:-1, max-image-preview:large, max-video-preview:-1\" \/>\n<link rel=\"canonical\" href=\"https:\/\/monro.rs\/en\/kontakt\/\" \/>\n<meta property=\"og:locale\" content=\"en_GB\" \/>\n<meta property=\"og:type\" content=\"article\" \/>\n<meta property=\"og:title\" content=\"Kontakt - Monro\" \/>\n<meta property=\"og:description\" content=\"KONTAKT MONRO POVE\u017dIMO SE! Dobrodo\u0161li na kontakt stranicu Monro.rs \u2013 va\u0161eg omiljenog odredi\u0161ta za vrhunski stil i modnu eleganciju. Na\u0161 tim je tu da vam pru\u017ei besprekornu podr\u0161ku i odgovori na sva pitanja koja imate. Kontaktirajte nas putem forme ispod ili nas direktno pozovite ili po\u0161aljite e-mail. Radujemo se va\u0161em kontaktu i prilici da vam [&hellip;]\" \/>\n<meta property=\"og:url\" content=\"https:\/\/monro.rs\/en\/kontakt\/\" \/>\n<meta property=\"og:site_name\" content=\"Monro\" \/>\n<meta property=\"article:publisher\" content=\"https:\/\/m.facebook.com\/monromonro.rs\/\" \/>\n<meta property=\"article:modified_time\" content=\"2024-05-21T22:24:10+00:00\" \/>\n<meta name=\"twitter:card\" content=\"summary_large_image\" \/>\n<meta name=\"twitter:label1\" content=\"Estimated reading time\" \/>\n\t<meta name=\"twitter:data1\" content=\"1 minute\" \/>\n<script type=\"application\/ld+json\" class=\"yoast-schema-graph\">{\"@context\":\"https:\/\/schema.org\",\"@graph\":[{\"@type\":\"WebPage\",\"@id\":\"https:\/\/monro.rs\/kontakt\/\",\"url\":\"https:\/\/monro.rs\/kontakt\/\",\"name\":\"Kontakt - Monro\",\"isPartOf\":{\"@id\":\"https:\/\/monro.rs\/#website\"},\"datePublished\":\"2024-05-21T22:15:11+00:00\",\"dateModified\":\"2024-05-21T22:24:10+00:00\",\"breadcrumb\":{\"@id\":\"https:\/\/monro.rs\/kontakt\/#breadcrumb\"},\"inLanguage\":\"en-GB\",\"potentialAction\":[{\"@type\":\"ReadAction\",\"target\":[\"https:\/\/monro.rs\/kontakt\/\"]}]},{\"@type\":\"BreadcrumbList\",\"@id\":\"https:\/\/monro.rs\/kontakt\/#breadcrumb\",\"itemListElement\":[{\"@type\":\"ListItem\",\"position\":1,\"name\":\"\u041f\u043e\u0447\u0435\u0442\u043d\u0430\",\"item\":\"https:\/\/monro.rs\/\"},{\"@type\":\"ListItem\",\"position\":2,\"name\":\"Kontakt\"}]},{\"@type\":\"WebSite\",\"@id\":\"https:\/\/monro.rs\/#website\",\"url\":\"https:\/\/monro.rs\/\",\"name\":\"Monro\",\"description\":\"\",\"publisher\":{\"@id\":\"https:\/\/monro.rs\/#organization\"},\"potentialAction\":[{\"@type\":\"SearchAction\",\"target\":{\"@type\":\"EntryPoint\",\"urlTemplate\":\"https:\/\/monro.rs\/?s={search_term_string}\"},\"query-input\":\"required name=search_term_string\"}],\"inLanguage\":\"en-GB\"},{\"@type\":\"Organization\",\"@id\":\"https:\/\/monro.rs\/#organization\",\"name\":\"Monro.rs\",\"url\":\"https:\/\/monro.rs\/\",\"logo\":{\"@type\":\"ImageObject\",\"inLanguage\":\"en-GB\",\"@id\":\"https:\/\/monro.rs\/#\/schema\/logo\/image\/\",\"url\":\"https:\/\/monro.rs\/wp-content\/uploads\/2022\/09\/97E1FAC5-8E56-4749-9E6F-8EB1B14949AD.jpeg\",\"contentUrl\":\"https:\/\/monro.rs\/wp-content\/uploads\/2022\/09\/97E1FAC5-8E56-4749-9E6F-8EB1B14949AD.jpeg\",\"width\":1242,\"height\":1204,\"caption\":\"Monro.rs\"},\"image\":{\"@id\":\"https:\/\/monro.rs\/#\/schema\/logo\/image\/\"},\"sameAs\":[\"https:\/\/m.facebook.com\/monromonro.rs\/\",\"https:\/\/www.instagram.com\/monro.rs\/?hl=en\"]}]}<\/script>\n<!-- \/ Yoast SEO plugin. -->","yoast_head_json":{"title":"Kontakt - Monro","robots":{"index":"index","follow":"follow","max-snippet":"max-snippet:-1","max-image-preview":"max-image-preview:large","max-video-preview":"max-video-preview:-1"},"canonical":"https:\/\/monro.rs\/en\/kontakt\/","og_locale":"en_GB","og_type":"article","og_title":"Kontakt - Monro","og_description":"KONTAKT MONRO POVE\u017dIMO SE! Dobrodo\u0161li na kontakt stranicu Monro.rs \u2013 va\u0161eg omiljenog odredi\u0161ta za vrhunski stil i modnu eleganciju. Na\u0161 tim je tu da vam pru\u017ei besprekornu podr\u0161ku i odgovori na sva pitanja koja imate. Kontaktirajte nas putem forme ispod ili nas direktno pozovite ili po\u0161aljite e-mail. Radujemo se va\u0161em kontaktu i prilici da vam [&hellip;]","og_url":"https:\/\/monro.rs\/en\/kontakt\/","og_site_name":"Monro","article_publisher":"https:\/\/m.facebook.com\/monromonro.rs\/","article_modified_time":"2024-05-21T22:24:10+00:00","twitter_card":"summary_large_image","twitter_misc":{"Estimated reading time":"1 minute"},"schema":{"@context":"https:\/\/schema.org","@graph":[{"@type":"WebPage","@id":"https:\/\/monro.rs\/kontakt\/","url":"https:\/\/monro.rs\/kontakt\/","name":"Kontakt - Monro","isPartOf":{"@id":"https:\/\/monro.rs\/#website"},"datePublished":"2024-05-21T22:15:11+00:00","dateModified":"2024-05-21T22:24:10+00:00","breadcrumb":{"@id":"https:\/\/monro.rs\/kontakt\/#breadcrumb"},"inLanguage":"en-GB","potentialAction":[{"@type":"ReadAction","target":["https:\/\/monro.rs\/kontakt\/"]}]},{"@type":"BreadcrumbList","@id":"https:\/\/monro.rs\/kontakt\/#breadcrumb","itemListElement":[{"@type":"ListItem","position":1,"name":"\u041f\u043e\u0447\u0435\u0442\u043d\u0430","item":"https:\/\/monro.rs\/"},{"@type":"ListItem","position":2,"name":"Kontakt"}]},{"@type":"WebSite","@id":"https:\/\/monro.rs\/#website","url":"https:\/\/monro.rs\/","name":"Monro","description":"","publisher":{"@id":"https:\/\/monro.rs\/#organization"},"potentialAction":[{"@type":"SearchAction","target":{"@type":"EntryPoint","urlTemplate":"https:\/\/monro.rs\/?s={search_term_string}"},"query-input":"required name=search_term_string"}],"inLanguage":"en-GB"},{"@type":"Organization","@id":"https:\/\/monro.rs\/#organization","name":"Monro.rs","url":"https:\/\/monro.rs\/","logo":{"@type":"ImageObject","inLanguage":"en-GB","@id":"https:\/\/monro.rs\/#\/schema\/logo\/image\/","url":"https:\/\/monro.rs\/wp-content\/uploads\/2022\/09\/97E1FAC5-8E56-4749-9E6F-8EB1B14949AD.jpeg","contentUrl":"https:\/\/monro.rs\/wp-content\/uploads\/2022\/09\/97E1FAC5-8E56-4749-9E6F-8EB1B14949AD.jpeg","width":1242,"height":1204,"caption":"Monro.rs"},"image":{"@id":"https:\/\/monro.rs\/#\/schema\/logo\/image\/"},"sameAs":["https:\/\/m.facebook.com\/monromonro.rs\/","https:\/\/www.instagram.com\/monro.rs\/?hl=en"]}]}},"_links":{"self":[{"href":"https:\/\/monro.rs\/en\/wp-json\/wp\/v2\/pages\/78992"}],"collection":[{"href":"https:\/\/monro.rs\/en\/wp-json\/wp\/v2\/pages"}],"about":[{"href":"https:\/\/monro.rs\/en\/wp-json\/wp\/v2\/types\/page"}],"author":[{"embeddable":true,"href":"https:\/\/monro.rs\/en\/wp-json\/wp\/v2\/users\/2"}],"replies":[{"embeddable":true,"href":"https:\/\/monro.rs\/en\/wp-json\/wp\/v2\/comments?post=78992"}],"version-history":[{"count":8,"href":"https:\/\/monro.rs\/en\/wp-json\/wp\/v2\/pages\/78992\/revisions"}],"predecessor-version":[{"id":79001,"href":"https:\/\/monro.rs\/en\/wp-json\/wp\/v2\/pages\/78992\/revisions\/79001"}],"wp:attachment":[{"href":"https:\/\/monro.rs\/en\/wp-json\/wp\/v2\/media?parent=78992"}],"curies":[{"name":"wp","href":"https:\/\/api.w.org\/{rel}","templated":true}]}}