{"id":55,"date":"2018-01-09T11:13:44","date_gmt":"2018-01-09T11:13:44","guid":{"rendered":"https:\/\/promenadethemes.com\/demo\/ecommerce-gem\/cart\/"},"modified":"2024-06-28T22:36:21","modified_gmt":"2024-06-28T22:36:21","slug":"cart","status":"publish","type":"page","link":"https:\/\/monro.rs\/en\/cart\/","title":{"rendered":"Cart"},"content":{"rendered":"<div data-elementor-type=\"wp-page\" data-elementor-id=\"55\" class=\"elementor elementor-55\" data-elementor-post-type=\"page\">\n\t\t\t\t\t\t<section class=\"elementor-section elementor-top-section elementor-element elementor-element-c9c3208 elementor-section-boxed elementor-section-height-default elementor-section-height-default\" data-id=\"c9c3208\" data-element_type=\"section\">\n\t\t\t\t\t\t<div class=\"elementor-container elementor-column-gap-default\">\n\t\t\t\t\t<div class=\"elementor-column elementor-col-100 elementor-top-column elementor-element elementor-element-5b171a4\" data-id=\"5b171a4\" data-element_type=\"column\">\n\t\t\t<div class=\"elementor-widget-wrap elementor-element-populated\">\n\t\t\t\t\t\t<div class=\"elementor-element elementor-element-679b2a4 elementor-widget elementor-widget-text-editor\" data-id=\"679b2a4\" data-element_type=\"widget\" data-widget_type=\"text-editor.default\">\n\t\t\t\t<div class=\"elementor-widget-container\">\n\t\t\t\t\t\t\t<p>FOR TWO ORDERED ITEMS - FREE SHIPPING!<\/p>\t\t\t\t\t\t<\/div>\n\t\t\t\t<\/div>\n\t\t\t\t\t<\/div>\n\t\t<\/div>\n\t\t\t\t\t<\/div>\n\t\t<\/section>\n\t\t\t\t<section class=\"elementor-section elementor-top-section elementor-element elementor-element-b9c088e elementor-section-boxed elementor-section-height-default elementor-section-height-default\" data-id=\"b9c088e\" data-element_type=\"section\">\n\t\t\t\t\t\t<div class=\"elementor-container elementor-column-gap-default\">\n\t\t\t\t\t<div class=\"elementor-column elementor-col-100 elementor-top-column elementor-element elementor-element-f7198ee\" data-id=\"f7198ee\" data-element_type=\"column\">\n\t\t\t<div class=\"elementor-widget-wrap elementor-element-populated\">\n\t\t\t\t\t\t<div class=\"elementor-element elementor-element-7bae310 elementor-widget elementor-widget-shortcode\" data-id=\"7bae310\" data-element_type=\"widget\" data-widget_type=\"shortcode.default\">\n\t\t\t\t<div class=\"elementor-widget-container\">\n\t\t\t\t\t<div class=\"elementor-shortcode\"><\/div>\n\t\t\t\t<\/div>\n\t\t\t\t<\/div>\n\t\t\t\t\t<\/div>\n\t\t<\/div>\n\t\t\t\t\t<\/div>\n\t\t<\/section>\n\t\t\t\t<\/div>","protected":false},"excerpt":{"rendered":"<p>FOR TWO ORDERED ITEMS - FREE SHIPPING!<\/p>","protected":false},"author":1,"featured_media":0,"parent":0,"menu_order":0,"comment_status":"closed","ping_status":"closed","template":"","meta":{"content-type":"","_monsterinsights_skip_tracking":false,"_monsterinsights_sitenote_active":false,"_monsterinsights_sitenote_note":"","_monsterinsights_sitenote_category":0,"footnotes":""},"yoast_head":"<!-- This site is optimized with the Yoast SEO plugin v22.6 - https:\/\/yoast.com\/wordpress\/plugins\/seo\/ -->\n<title>Cart - Monro<\/title>\n<meta name=\"description\" content=\"Monro \u0161oping korpa u koju ste dodali odgovaraju\u0107i Monro artikal. Nastavite kupovinu u na\u0161oj online prodavnici.\" \/>\n<meta name=\"robots\" content=\"index, follow, max-snippet:-1, max-image-preview:large, max-video-preview:-1\" \/>\n<link rel=\"canonical\" href=\"https:\/\/monro.rs\/en\/cart\/\" \/>\n<meta property=\"og:locale\" content=\"en_GB\" \/>\n<meta property=\"og:type\" content=\"article\" \/>\n<meta property=\"og:title\" content=\"Cart - Monro\" \/>\n<meta property=\"og:description\" content=\"Monro \u0161oping korpa u koju ste dodali odgovaraju\u0107i Monro artikal. Nastavite kupovinu u na\u0161oj online prodavnici.\" \/>\n<meta property=\"og:url\" content=\"https:\/\/monro.rs\/en\/cart\/\" \/>\n<meta property=\"og:site_name\" content=\"Monro\" \/>\n<meta property=\"article:publisher\" content=\"https:\/\/m.facebook.com\/monromonro.rs\/\" \/>\n<meta property=\"article:modified_time\" content=\"2024-06-28T22:36:21+00:00\" \/>\n<meta name=\"twitter:card\" content=\"summary_large_image\" \/>\n<meta name=\"twitter:label1\" content=\"Estimated reading time\" \/>\n\t<meta name=\"twitter:data1\" content=\"1 minute\" \/>\n<script type=\"application\/ld+json\" class=\"yoast-schema-graph\">{\"@context\":\"https:\/\/schema.org\",\"@graph\":[{\"@type\":\"WebPage\",\"@id\":\"https:\/\/monro.rs\/cart\/\",\"url\":\"https:\/\/monro.rs\/cart\/\",\"name\":\"Cart - Monro\",\"isPartOf\":{\"@id\":\"https:\/\/monro.rs\/#website\"},\"datePublished\":\"2018-01-09T11:13:44+00:00\",\"dateModified\":\"2024-06-28T22:36:21+00:00\",\"description\":\"Monro \u0161oping korpa u koju ste dodali odgovaraju\u0107i Monro artikal. Nastavite kupovinu u na\u0161oj online prodavnici.\",\"breadcrumb\":{\"@id\":\"https:\/\/monro.rs\/cart\/#breadcrumb\"},\"inLanguage\":\"en-GB\",\"potentialAction\":[{\"@type\":\"ReadAction\",\"target\":[\"https:\/\/monro.rs\/cart\/\"]}]},{\"@type\":\"BreadcrumbList\",\"@id\":\"https:\/\/monro.rs\/cart\/#breadcrumb\",\"itemListElement\":[{\"@type\":\"ListItem\",\"position\":1,\"name\":\"\u041f\u043e\u0447\u0435\u0442\u043d\u0430\",\"item\":\"https:\/\/monro.rs\/\"},{\"@type\":\"ListItem\",\"position\":2,\"name\":\"Cart\"}]},{\"@type\":\"WebSite\",\"@id\":\"https:\/\/monro.rs\/#website\",\"url\":\"https:\/\/monro.rs\/\",\"name\":\"Monro\",\"description\":\"\",\"publisher\":{\"@id\":\"https:\/\/monro.rs\/#organization\"},\"potentialAction\":[{\"@type\":\"SearchAction\",\"target\":{\"@type\":\"EntryPoint\",\"urlTemplate\":\"https:\/\/monro.rs\/?s={search_term_string}\"},\"query-input\":\"required name=search_term_string\"}],\"inLanguage\":\"en-GB\"},{\"@type\":\"Organization\",\"@id\":\"https:\/\/monro.rs\/#organization\",\"name\":\"Monro.rs\",\"url\":\"https:\/\/monro.rs\/\",\"logo\":{\"@type\":\"ImageObject\",\"inLanguage\":\"en-GB\",\"@id\":\"https:\/\/monro.rs\/#\/schema\/logo\/image\/\",\"url\":\"https:\/\/monro.rs\/wp-content\/uploads\/2022\/09\/97E1FAC5-8E56-4749-9E6F-8EB1B14949AD.jpeg\",\"contentUrl\":\"https:\/\/monro.rs\/wp-content\/uploads\/2022\/09\/97E1FAC5-8E56-4749-9E6F-8EB1B14949AD.jpeg\",\"width\":1242,\"height\":1204,\"caption\":\"Monro.rs\"},\"image\":{\"@id\":\"https:\/\/monro.rs\/#\/schema\/logo\/image\/\"},\"sameAs\":[\"https:\/\/m.facebook.com\/monromonro.rs\/\",\"https:\/\/www.instagram.com\/monro.rs\/?hl=en\"]}]}<\/script>\n<!-- \/ Yoast SEO plugin. -->","yoast_head_json":{"title":"Cart - Monro","description":"Monro \u0161oping korpa u koju ste dodali odgovaraju\u0107i Monro artikal. Nastavite kupovinu u na\u0161oj online prodavnici.","robots":{"index":"index","follow":"follow","max-snippet":"max-snippet:-1","max-image-preview":"max-image-preview:large","max-video-preview":"max-video-preview:-1"},"canonical":"https:\/\/monro.rs\/en\/cart\/","og_locale":"en_GB","og_type":"article","og_title":"Cart - Monro","og_description":"Monro \u0161oping korpa u koju ste dodali odgovaraju\u0107i Monro artikal. Nastavite kupovinu u na\u0161oj online prodavnici.","og_url":"https:\/\/monro.rs\/en\/cart\/","og_site_name":"Monro","article_publisher":"https:\/\/m.facebook.com\/monromonro.rs\/","article_modified_time":"2024-06-28T22:36:21+00:00","twitter_card":"summary_large_image","twitter_misc":{"Estimated reading time":"1 minute"},"schema":{"@context":"https:\/\/schema.org","@graph":[{"@type":"WebPage","@id":"https:\/\/monro.rs\/cart\/","url":"https:\/\/monro.rs\/cart\/","name":"Cart - Monro","isPartOf":{"@id":"https:\/\/monro.rs\/#website"},"datePublished":"2018-01-09T11:13:44+00:00","dateModified":"2024-06-28T22:36:21+00:00","description":"Monro \u0161oping korpa u koju ste dodali odgovaraju\u0107i Monro artikal. Nastavite kupovinu u na\u0161oj online prodavnici.","breadcrumb":{"@id":"https:\/\/monro.rs\/cart\/#breadcrumb"},"inLanguage":"en-GB","potentialAction":[{"@type":"ReadAction","target":["https:\/\/monro.rs\/cart\/"]}]},{"@type":"BreadcrumbList","@id":"https:\/\/monro.rs\/cart\/#breadcrumb","itemListElement":[{"@type":"ListItem","position":1,"name":"\u041f\u043e\u0447\u0435\u0442\u043d\u0430","item":"https:\/\/monro.rs\/"},{"@type":"ListItem","position":2,"name":"Cart"}]},{"@type":"WebSite","@id":"https:\/\/monro.rs\/#website","url":"https:\/\/monro.rs\/","name":"Monro","description":"","publisher":{"@id":"https:\/\/monro.rs\/#organization"},"potentialAction":[{"@type":"SearchAction","target":{"@type":"EntryPoint","urlTemplate":"https:\/\/monro.rs\/?s={search_term_string}"},"query-input":"required name=search_term_string"}],"inLanguage":"en-GB"},{"@type":"Organization","@id":"https:\/\/monro.rs\/#organization","name":"Monro.rs","url":"https:\/\/monro.rs\/","logo":{"@type":"ImageObject","inLanguage":"en-GB","@id":"https:\/\/monro.rs\/#\/schema\/logo\/image\/","url":"https:\/\/monro.rs\/wp-content\/uploads\/2022\/09\/97E1FAC5-8E56-4749-9E6F-8EB1B14949AD.jpeg","contentUrl":"https:\/\/monro.rs\/wp-content\/uploads\/2022\/09\/97E1FAC5-8E56-4749-9E6F-8EB1B14949AD.jpeg","width":1242,"height":1204,"caption":"Monro.rs"},"image":{"@id":"https:\/\/monro.rs\/#\/schema\/logo\/image\/"},"sameAs":["https:\/\/m.facebook.com\/monromonro.rs\/","https:\/\/www.instagram.com\/monro.rs\/?hl=en"]}]}},"_links":{"self":[{"href":"https:\/\/monro.rs\/en\/wp-json\/wp\/v2\/pages\/55"}],"collection":[{"href":"https:\/\/monro.rs\/en\/wp-json\/wp\/v2\/pages"}],"about":[{"href":"https:\/\/monro.rs\/en\/wp-json\/wp\/v2\/types\/page"}],"author":[{"embeddable":true,"href":"https:\/\/monro.rs\/en\/wp-json\/wp\/v2\/users\/1"}],"replies":[{"embeddable":true,"href":"https:\/\/monro.rs\/en\/wp-json\/wp\/v2\/comments?post=55"}],"version-history":[{"count":8,"href":"https:\/\/monro.rs\/en\/wp-json\/wp\/v2\/pages\/55\/revisions"}],"predecessor-version":[{"id":80284,"href":"https:\/\/monro.rs\/en\/wp-json\/wp\/v2\/pages\/55\/revisions\/80284"}],"wp:attachment":[{"href":"https:\/\/monro.rs\/en\/wp-json\/wp\/v2\/media?parent=55"}],"curies":[{"name":"wp","href":"https:\/\/api.w.org\/{rel}","templated":true}]}}